{"id":73,"date":"2016-02-08T17:21:34","date_gmt":"2016-02-08T17:21:34","guid":{"rendered":"http:\/\/urbanistasdigitais.pt\/tests\/cbh\/?page_id=73"},"modified":"2026-02-22T18:32:36","modified_gmt":"2026-02-22T18:32:36","slug":"negocios-eventos","status":"publish","type":"page","link":"https:\/\/www.castanheiroboutiquehotel.com\/pt\/negocios-eventos\/","title":{"rendered":"Neg\u00f3cios &#038; Eventos"},"content":{"rendered":"<div class=\"wpb-content-wrapper\"><p><\/p>\n<p>[vc_row css=&#8221;.vc_custom_1455736897712{padding-top: 10% !important;}&#8221;][vc_column][vc_row_inner][vc_column_inner width=&#8221;1\/4&#8243;]<div class=\"ihovergrid-container\" style=\"width:;\"><ul class=\"ihover-container\" data-width=\"100\" data-height=\"100\" data-padding=\"\" data-margin=\"0\" data-thumbtitlepadding=\"\" data-wholecaptionpadding=\"\" data-thumbdescpadding=\"\" data-effect=\"effect6\" data-shape=\"square\" data-outeroffset=\"0\"><li class='submenu'><div class='ih-item colored square effect6 from_top_and_bottom scale_up'><a href='#hotel' target='_self'><div class='img'><img src='https:\/\/www.castanheiroboutiquehotel.com\/wp-content\/uploads\/2016\/02\/1_hotel_2-200x200.jpg' width='100' height='100' alt='' \/><\/div><div class='info'><h3>Hotel<\/h3><\/div><\/a><\/div><\/li><li class='submenu'><div class='ih-item colored square effect6 from_top_and_bottom scale_up'><a href='\/quartos-suites' target='_self'><div class='img'><img src='https:\/\/www.castanheiroboutiquehotel.com\/wp-content\/uploads\/2016\/02\/2_quartos_2-200x200.jpg' width='100' height='100' alt='' \/><\/div><div class='info'><h3>Quartos & Suites<\/h3><\/div><\/a><\/div><\/li><li class='submenu'><div class='ih-item colored square effect6 from_top_and_bottom scale_up'><a href='\/restaurante-bares' target='_self'><div class='img'><img src='https:\/\/www.castanheiroboutiquehotel.com\/wp-content\/uploads\/2016\/02\/3_restaurante_2-200x200.jpg' width='100' height='100' alt='' \/><\/div><div class='info'><h3>Restaurante & Bares<\/h3><\/div><\/a><\/div><\/li><li class='submenu'><div class='ih-item colored square effect6 from_top_and_bottom scale_up'><a href='\/servicos-facilidades' target='_self'><div class='img'><img src='https:\/\/www.castanheiroboutiquehotel.com\/wp-content\/uploads\/2016\/02\/4_servicos_2-200x200.jpg' width='100' height='100' alt='' \/><\/div><div class='info'><h3>Servi\u00e7os & Facilidades<\/h3><\/div><\/a><\/div><\/li><li class='submenu'><div class='ih-item colored square effect6 from_top_and_bottom scale_up'><a href='\/til-spa' target='_self'><div class='img'><img src='https:\/\/www.castanheiroboutiquehotel.com\/wp-content\/uploads\/2016\/02\/5_tilspa_2-200x200.jpg' width='100' height='100' alt='' \/><\/div><div class='info'><h3>Til Spa<\/h3><\/div><\/a><\/div><\/li><li class='submenu'><div class='ih-item colored square effect6 from_top_and_bottom scale_up'><a href='\/negocios-eventos' target='_self'><div class='img'><img src='https:\/\/www.castanheiroboutiquehotel.com\/wp-content\/uploads\/2016\/02\/6_negocios_cc-200x200.jpg' width='100' height='100' alt='' \/><\/div><div class='info'><h3>Neg\u00f3cios & Eventos<\/h3><\/div><\/a><\/div><\/li><li class='submenu'><div class='ih-item colored square effect6 from_top_and_bottom scale_up'><a href='#' target='_self'><div class='img'><img src='https:\/\/www.castanheiroboutiquehotel.com\/wp-content\/uploads\/2016\/02\/7_parque_2-200x200.jpg' width='100' height='100' alt='' \/><\/div><div class='info'><h3>Parque<\/h3><\/div><\/a><\/div><\/li><li class='submenu'><div class='ih-item colored square effect6 from_top_and_bottom scale_up'><a href='#' target='_self'><div class='img'><img src='https:\/\/www.castanheiroboutiquehotel.com\/wp-content\/uploads\/2016\/02\/8_wifi_2-200x200.jpg' width='100' height='100' alt='' \/><\/div><div class='info'><h3>Wi-fi Gr\u00e1tis<\/h3><\/div><\/a><\/div><\/li><li class='submenu'><div class='ih-item colored square effect6 from_top_and_bottom scale_up'><a href='\/gift-shop' target='_self'><div class='img'><img src='https:\/\/www.castanheiroboutiquehotel.com\/wp-content\/uploads\/2026\/02\/gift_shop_white-200x200.jpg' width='100' height='100' alt='' \/><\/div><div class='info'><h3>Loja de Lembran\u00e7as<\/h3><\/div><\/a><\/div><\/li><\/ul><\/div>[vc_empty_space][\/vc_column_inner][vc_column_inner width=&#8221;3\/4&#8243;][vc_custom_heading source=&#8221;post_title&#8221; font_container=&#8221;tag:h1|text_align:left&#8221; use_theme_fonts=&#8221;yes&#8221;][vc_empty_space]<div class=\"avt_masterslider_el \" >\n\t\t<!-- MasterSlider -->\n\t\t<div id=\"P_MS69f0c16f7e8e6\" class=\"master-slider-parent ms-parent-id-9\"  >\n\n\t\t\t\n\t\t\t<!-- MasterSlider Main -->\n\t\t\t<div id=\"MS69f0c16f7e8e6\" class=\"master-slider ms-skin-default\" >\n\t\t\t\t \t\t\t\t \n\t\t\t<div  class=\"ms-slide\" data-delay=\"3\" data-fill-mode=\"fill\"   >\n\t\t\t\t\t<img decoding=\"async\" src=\"https:\/\/www.castanheiroboutiquehotel.com\/wp-content\/plugins\/masterslider\/public\/assets\/css\/blank.gif\" alt=\"\" title=\"castanheiro_biblioteca_1\" data-src=\"https:\/\/www.castanheiroboutiquehotel.com\/wp-content\/uploads\/2016\/02\/castanheiro_sconferencias.jpg\" \/>\n\t<a href=\"#hotel\"     >castanheiro_biblioteca_1<\/a>\n\n\t\t\t\t\t<div  class=\"ms-layer  msp-cn-9-1\" style=\"\"      data-ease=\"easeOutQuint\"                data-offset-x=\"120\" data-offset-y=\"600\" data-origin=\"ml\"   >\nPara Neg\u00f3cios, <br \/>Confer\u00eancias, Reuni\u00f5es\u00a0<br \/>e Incentivos.<\/div>\n\n\n\t\t\t\t<\/div>\n\n\t\t\t<\/div>\n\t\t\t<!-- END MasterSlider Main -->\n\n\t\t\t \n\t\t<\/div>\n\t\t<!-- END MasterSlider -->\n\n\t\t<script>\n\t\t( window.MSReady = window.MSReady || [] ).push( function( $ ) {\n\n\t\t\t\"use strict\";\n\t\t\tvar masterslider_e8e6 = new MasterSlider();\n\n\t\t\t\/\/ slider controls\n\t\t\t\/\/ slider setup\n\t\t\tmasterslider_e8e6.setup(\"MS69f0c16f7e8e6\", {\n\t\t\t\twidth           : 1920,\n\t\t\t\theight          : 800,\n\t\t\t\tminHeight       : 800,\n\t\t\t\tspace           : 0,\n\t\t\t\tstart           : 1,\n\t\t\t\tgrabCursor      : false,\n\t\t\t\tswipe           : true,\n\t\t\t\tmouse           : true,\n\t\t\t\tkeyboard        : true,\n\t\t\t\tlayout          : \"fillwidth\",\n\t\t\t\twheel           : false,\n\t\t\t\tautoplay        : true,\n                instantStartLayers:false,\n\t\t\t\tmobileBGVideo:false,\n\t\t\t\tloop            : true,\n\t\t\t\tshuffle         : false,\n\t\t\t\tpreload         : 0,\n\t\t\t\theightLimit     : true,\n\t\t\t\tautoHeight      : true,\n\t\t\t\tsmoothHeight    : true,\n\t\t\t\tendPause        : false,\n\t\t\t\toverPause       : true,\n\t\t\t\tfillMode        : \"fill\",\n\t\t\t\tcenterControls  : false,\n\t\t\t\tstartOnAppear   : false,\n\t\t\t\tlayersMode      : \"center\",\n\t\t\t\tautofillTarget  : \"\",\n\t\t\t\thideLayers      : false,\n\t\t\t\tfullscreenMargin: 0,\n\t\t\t\tspeed           : 20,\n\t\t\t\tdir             : \"h\",\n\t\t\t\tresponsive      : true,\n\t\t\t\ttabletWidth     : 768,\n\t\t\t\ttabletHeight    : null,\n\t\t\t\tphoneWidth      : 480,\n\t\t\t\tphoneHeight    : null,\n\t\t\t\tsizingReference : window,\n\t\t\t\tparallaxMode    : 'swipe',\n\t\t\t\tview            : \"basic\"\n\t\t\t});\n\n\t\t\t\n\t\t\t$(\"head\").append( \"<link rel='stylesheet' id='ms-fonts'  href='\/\/fonts.googleapis.com\/css?family=Lato:regular' type='text\/css' media='all' \/>\" );\n\n\t\t\twindow.masterslider_instances = window.masterslider_instances || [];\n\t\t\twindow.masterslider_instances.push( masterslider_e8e6 );\n\t\t});\n\t\t<\/script>\n\n<\/div>[vc_empty_space][vc_column_text]Desde um lan\u00e7amento de um produto, lanche ou jantar empresarial, podemos oferecer nossa experi\u00eancia em todos os formatos que desejar. A sala Jesu\u00edtas com luz natural e situada no piso t\u00e9rreo do hotel oferece as seguintes possibilidades:[\/vc_column_text][vc_empty_space][vc_column_text el_class=&#8221;tabela&#8221;]<\/p>\n<table style=\"height: 108px;\" border=\"1;\" width=\"631;\">\n<tbody>\n<tr>\n<td style=\"text-align: center; background-color: #edd9b4;\">Dimens\u00e3o<\/td>\n<td style=\"text-align: center; background-color: #edd9b4;\" colspan=\"3\">Capacidade\u00a0(pessoas)<\/td>\n<\/tr>\n<tr>\n<td style=\"text-align: center;\"><span style=\"font-weight: 400;\">\u00c1rea (m\u00b2) <\/span><\/td>\n<td style=\"text-align: center;\"><span style=\"font-weight: 400;\">Modelo Escola<\/span><\/td>\n<td style=\"text-align: center;\"><span style=\"font-weight: 400;\">Plateia<\/span><\/td>\n<\/tr>\n<tr>\n<td style=\"text-align: center;\"><b>100<\/b><\/td>\n<td style=\"text-align: center;\"><b>40<\/b><\/td>\n<td style=\"text-align: center;\"><b>70<\/b><\/td>\n<\/tr>\n<\/tbody>\n<\/table>\n<p>[\/vc_column_text][vc_empty_space][\/vc_column_inner][\/vc_row_inner][vc_row_inner][vc_column_inner width=&#8221;1\/4&#8243; css=&#8221;.vc_custom_1455644183657{padding-right: 5% !important;}&#8221;][\/vc_column_inner][vc_column_inner width=&#8221;3\/4&#8243;][vc_custom_heading text=&#8221;Grupos&#8221; font_container=&#8221;tag:h6|text_align:left&#8221; use_theme_fonts=&#8221;yes&#8221;][vc_column_text]O nosso Diretor de F&amp;B ter\u00e1 prazer em fornecer-lhe informa\u00e7\u00f5es e cota\u00e7\u00f5es para grupos at\u00e9 80 pessoas.[\/vc_column_text][vc_empty_space][vc_custom_heading text=&#8221;Contacto&#8221; font_container=&#8221;tag:h6|text_align:left&#8221; use_theme_fonts=&#8221;yes&#8221;][vc_column_text]Paulo Nunes (Director F&amp;B)<br \/>\n<a href=\"mailto:pnunes@castanheiroboutiquehotel.com\">pnunes@castanheiroboutiquehotel.com<\/a>[\/vc_column_text][\/vc_column_inner][\/vc_row_inner][vc_empty_space height=&#8221;100px&#8221;][\/vc_column][\/vc_row]<\/p>\n<p><\/p>\n<\/div>","protected":false},"excerpt":{"rendered":"<p>[vc_row css=&#8221;.vc_custom_1455736897712{padding-top: 10% !important;}&#8221;][vc_column][vc_row_inner][vc_column_inner width=&#8221;1\/4&#8243;][vc_empty_space][\/vc_column_inner][vc_column_inner width=&#8221;3\/4&#8243;][vc_custom_heading source=&#8221;post_title&#8221; font_container=&#8221;tag:h1|text_align:left&#8221; use_theme_fonts=&#8221;yes&#8221;][vc_empty_space][vc_empty_space][vc_column_text]Desde um lan\u00e7amento de um produto, lanche ou jantar empresarial, podemos oferecer nossa experi\u00eancia em todos os [&#8230;] <br \/><a class=\"more-link\" href=\"https:\/\/www.castanheiroboutiquehotel.com\/pt\/negocios-eventos\/\" rel=\"nofollow\">Read more<\/a><\/p>\n","protected":false},"author":1,"featured_media":74,"parent":0,"menu_order":0,"comment_status":"closed","ping_status":"closed","template":"","meta":{"_genesis_hide_title":false,"_genesis_hide_breadcrumbs":false,"_genesis_hide_singular_image":false,"_genesis_hide_footer_widgets":false,"_genesis_custom_body_class":"","_genesis_custom_post_class":"","_genesis_layout":"","footnotes":""},"class_list":{"0":"post-73","1":"page","2":"type-page","3":"status-publish","4":"has-post-thumbnail","6":"entry","7":"override"},"yoast_head":"<!-- This site is optimized with the Yoast SEO plugin v26.9 - https:\/\/yoast.com\/product\/yoast-seo-wordpress\/ -->\n<title>Neg\u00f3cios &amp; Eventos - Castanheiro Boutique Hotel<\/title>\n<meta name=\"robots\" content=\"index, follow, max-snippet:-1, max-image-preview:large, max-video-preview:-1\" \/>\n<link rel=\"canonical\" href=\"https:\/\/www.castanheiroboutiquehotel.com\/negocios-eventos\/\" \/>\n<meta property=\"og:locale\" content=\"pt_PT\" \/>\n<meta property=\"og:type\" content=\"article\" \/>\n<meta property=\"og:title\" content=\"Neg\u00f3cios &amp; Eventos - Castanheiro Boutique Hotel\" \/>\n<meta property=\"og:description\" content=\"[vc_row css=&#8221;.vc_custom_1455736897712{padding-top: 10% !important;}&#8221;][vc_column][vc_row_inner][vc_column_inner width=&#8221;1\/4&#8243;][vc_empty_space][\/vc_column_inner][vc_column_inner width=&#8221;3\/4&#8243;][vc_custom_heading source=&#8221;post_title&#8221; font_container=&#8221;tag:h1|text_align:left&#8221; use_theme_fonts=&#8221;yes&#8221;][vc_empty_space][vc_empty_space][vc_column_text]Desde um lan\u00e7amento de um produto, lanche ou jantar empresarial, podemos oferecer nossa experi\u00eancia em todos os [...] Read more\" \/>\n<meta property=\"og:url\" content=\"https:\/\/www.castanheiroboutiquehotel.com\/negocios-eventos\/\" \/>\n<meta property=\"og:site_name\" content=\"Castanheiro Boutique Hotel\" \/>\n<meta property=\"article:publisher\" content=\"https:\/\/www.facebook.com\/castanheiroboutiquehotel\/\" \/>\n<meta property=\"article:modified_time\" content=\"2026-02-22T18:32:36+00:00\" \/>\n<meta property=\"og:image\" content=\"https:\/\/www.castanheiroboutiquehotel.com\/wp-content\/uploads\/2016\/02\/castanheiro_sconferencias.jpg\" \/>\n\t<meta property=\"og:image:width\" content=\"1600\" \/>\n\t<meta property=\"og:image:height\" content=\"1067\" \/>\n\t<meta property=\"og:image:type\" content=\"image\/jpeg\" \/>\n<meta name=\"twitter:card\" content=\"summary_large_image\" \/>\n<meta name=\"twitter:label1\" content=\"Tempo estimado de leitura\" \/>\n\t<meta name=\"twitter:data1\" content=\"2 minutos\" \/>\n<script type=\"application\/ld+json\" class=\"yoast-schema-graph\">{\"@context\":\"https:\/\/schema.org\",\"@graph\":[{\"@type\":\"WebPage\",\"@id\":\"https:\/\/www.castanheiroboutiquehotel.com\/negocios-eventos\/\",\"url\":\"https:\/\/www.castanheiroboutiquehotel.com\/negocios-eventos\/\",\"name\":\"Neg\u00f3cios & Eventos - Castanheiro Boutique Hotel\",\"isPartOf\":{\"@id\":\"https:\/\/www.castanheiroboutiquehotel.com\/#website\"},\"primaryImageOfPage\":{\"@id\":\"https:\/\/www.castanheiroboutiquehotel.com\/negocios-eventos\/#primaryimage\"},\"image\":{\"@id\":\"https:\/\/www.castanheiroboutiquehotel.com\/negocios-eventos\/#primaryimage\"},\"thumbnailUrl\":\"https:\/\/www.castanheiroboutiquehotel.com\/wp-content\/uploads\/2016\/02\/castanheiro_sconferencias.jpg\",\"datePublished\":\"2016-02-08T17:21:34+00:00\",\"dateModified\":\"2026-02-22T18:32:36+00:00\",\"breadcrumb\":{\"@id\":\"https:\/\/www.castanheiroboutiquehotel.com\/negocios-eventos\/#breadcrumb\"},\"inLanguage\":\"pt-PT\",\"potentialAction\":[{\"@type\":\"ReadAction\",\"target\":[\"https:\/\/www.castanheiroboutiquehotel.com\/negocios-eventos\/\"]}]},{\"@type\":\"ImageObject\",\"inLanguage\":\"pt-PT\",\"@id\":\"https:\/\/www.castanheiroboutiquehotel.com\/negocios-eventos\/#primaryimage\",\"url\":\"https:\/\/www.castanheiroboutiquehotel.com\/wp-content\/uploads\/2016\/02\/castanheiro_sconferencias.jpg\",\"contentUrl\":\"https:\/\/www.castanheiroboutiquehotel.com\/wp-content\/uploads\/2016\/02\/castanheiro_sconferencias.jpg\",\"width\":1600,\"height\":1067},{\"@type\":\"BreadcrumbList\",\"@id\":\"https:\/\/www.castanheiroboutiquehotel.com\/negocios-eventos\/#breadcrumb\",\"itemListElement\":[{\"@type\":\"ListItem\",\"position\":1,\"name\":\"Home\",\"item\":\"https:\/\/www.castanheiroboutiquehotel.com\/\"},{\"@type\":\"ListItem\",\"position\":2,\"name\":\"Business &#038; Events\"}]},{\"@type\":\"WebSite\",\"@id\":\"https:\/\/www.castanheiroboutiquehotel.com\/#website\",\"url\":\"https:\/\/www.castanheiroboutiquehotel.com\/\",\"name\":\"Castanheiro Boutique Hotel\",\"description\":\"Uma experi\u00eancia \u00fanica num local singular\",\"publisher\":{\"@id\":\"https:\/\/www.castanheiroboutiquehotel.com\/#organization\"},\"potentialAction\":[{\"@type\":\"SearchAction\",\"target\":{\"@type\":\"EntryPoint\",\"urlTemplate\":\"https:\/\/www.castanheiroboutiquehotel.com\/?s={search_term_string}\"},\"query-input\":{\"@type\":\"PropertyValueSpecification\",\"valueRequired\":true,\"valueName\":\"search_term_string\"}}],\"inLanguage\":\"pt-PT\"},{\"@type\":\"Organization\",\"@id\":\"https:\/\/www.castanheiroboutiquehotel.com\/#organization\",\"name\":\"Castanheiro Boutique Hotel\",\"url\":\"https:\/\/www.castanheiroboutiquehotel.com\/\",\"logo\":{\"@type\":\"ImageObject\",\"inLanguage\":\"pt-PT\",\"@id\":\"https:\/\/www.castanheiroboutiquehotel.com\/#\/schema\/logo\/image\/\",\"url\":\"https:\/\/www.castanheiroboutiquehotel.com\/wp-content\/uploads\/2016\/02\/1_hotel_2.jpg\",\"contentUrl\":\"https:\/\/www.castanheiroboutiquehotel.com\/wp-content\/uploads\/2016\/02\/1_hotel_2.jpg\",\"width\":667,\"height\":667,\"caption\":\"Castanheiro Boutique Hotel\"},\"image\":{\"@id\":\"https:\/\/www.castanheiroboutiquehotel.com\/#\/schema\/logo\/image\/\"},\"sameAs\":[\"https:\/\/www.facebook.com\/castanheiroboutiquehotel\/\"]}]}<\/script>\n<!-- \/ Yoast SEO plugin. -->","yoast_head_json":{"title":"Neg\u00f3cios & Eventos - Castanheiro Boutique Hotel","robots":{"index":"index","follow":"follow","max-snippet":"max-snippet:-1","max-image-preview":"max-image-preview:large","max-video-preview":"max-video-preview:-1"},"canonical":"https:\/\/www.castanheiroboutiquehotel.com\/negocios-eventos\/","og_locale":"pt_PT","og_type":"article","og_title":"Neg\u00f3cios & Eventos - Castanheiro Boutique Hotel","og_description":"[vc_row css=&#8221;.vc_custom_1455736897712{padding-top: 10% !important;}&#8221;][vc_column][vc_row_inner][vc_column_inner width=&#8221;1\/4&#8243;][vc_empty_space][\/vc_column_inner][vc_column_inner width=&#8221;3\/4&#8243;][vc_custom_heading source=&#8221;post_title&#8221; font_container=&#8221;tag:h1|text_align:left&#8221; use_theme_fonts=&#8221;yes&#8221;][vc_empty_space][vc_empty_space][vc_column_text]Desde um lan\u00e7amento de um produto, lanche ou jantar empresarial, podemos oferecer nossa experi\u00eancia em todos os [...] Read more","og_url":"https:\/\/www.castanheiroboutiquehotel.com\/negocios-eventos\/","og_site_name":"Castanheiro Boutique Hotel","article_publisher":"https:\/\/www.facebook.com\/castanheiroboutiquehotel\/","article_modified_time":"2026-02-22T18:32:36+00:00","og_image":[{"width":1600,"height":1067,"url":"https:\/\/www.castanheiroboutiquehotel.com\/wp-content\/uploads\/2016\/02\/castanheiro_sconferencias.jpg","type":"image\/jpeg"}],"twitter_card":"summary_large_image","twitter_misc":{"Tempo estimado de leitura":"2 minutos"},"schema":{"@context":"https:\/\/schema.org","@graph":[{"@type":"WebPage","@id":"https:\/\/www.castanheiroboutiquehotel.com\/negocios-eventos\/","url":"https:\/\/www.castanheiroboutiquehotel.com\/negocios-eventos\/","name":"Neg\u00f3cios & Eventos - Castanheiro Boutique Hotel","isPartOf":{"@id":"https:\/\/www.castanheiroboutiquehotel.com\/#website"},"primaryImageOfPage":{"@id":"https:\/\/www.castanheiroboutiquehotel.com\/negocios-eventos\/#primaryimage"},"image":{"@id":"https:\/\/www.castanheiroboutiquehotel.com\/negocios-eventos\/#primaryimage"},"thumbnailUrl":"https:\/\/www.castanheiroboutiquehotel.com\/wp-content\/uploads\/2016\/02\/castanheiro_sconferencias.jpg","datePublished":"2016-02-08T17:21:34+00:00","dateModified":"2026-02-22T18:32:36+00:00","breadcrumb":{"@id":"https:\/\/www.castanheiroboutiquehotel.com\/negocios-eventos\/#breadcrumb"},"inLanguage":"pt-PT","potentialAction":[{"@type":"ReadAction","target":["https:\/\/www.castanheiroboutiquehotel.com\/negocios-eventos\/"]}]},{"@type":"ImageObject","inLanguage":"pt-PT","@id":"https:\/\/www.castanheiroboutiquehotel.com\/negocios-eventos\/#primaryimage","url":"https:\/\/www.castanheiroboutiquehotel.com\/wp-content\/uploads\/2016\/02\/castanheiro_sconferencias.jpg","contentUrl":"https:\/\/www.castanheiroboutiquehotel.com\/wp-content\/uploads\/2016\/02\/castanheiro_sconferencias.jpg","width":1600,"height":1067},{"@type":"BreadcrumbList","@id":"https:\/\/www.castanheiroboutiquehotel.com\/negocios-eventos\/#breadcrumb","itemListElement":[{"@type":"ListItem","position":1,"name":"Home","item":"https:\/\/www.castanheiroboutiquehotel.com\/"},{"@type":"ListItem","position":2,"name":"Business &#038; Events"}]},{"@type":"WebSite","@id":"https:\/\/www.castanheiroboutiquehotel.com\/#website","url":"https:\/\/www.castanheiroboutiquehotel.com\/","name":"Castanheiro Boutique Hotel","description":"Uma experi\u00eancia \u00fanica num local singular","publisher":{"@id":"https:\/\/www.castanheiroboutiquehotel.com\/#organization"},"potentialAction":[{"@type":"SearchAction","target":{"@type":"EntryPoint","urlTemplate":"https:\/\/www.castanheiroboutiquehotel.com\/?s={search_term_string}"},"query-input":{"@type":"PropertyValueSpecification","valueRequired":true,"valueName":"search_term_string"}}],"inLanguage":"pt-PT"},{"@type":"Organization","@id":"https:\/\/www.castanheiroboutiquehotel.com\/#organization","name":"Castanheiro Boutique Hotel","url":"https:\/\/www.castanheiroboutiquehotel.com\/","logo":{"@type":"ImageObject","inLanguage":"pt-PT","@id":"https:\/\/www.castanheiroboutiquehotel.com\/#\/schema\/logo\/image\/","url":"https:\/\/www.castanheiroboutiquehotel.com\/wp-content\/uploads\/2016\/02\/1_hotel_2.jpg","contentUrl":"https:\/\/www.castanheiroboutiquehotel.com\/wp-content\/uploads\/2016\/02\/1_hotel_2.jpg","width":667,"height":667,"caption":"Castanheiro Boutique Hotel"},"image":{"@id":"https:\/\/www.castanheiroboutiquehotel.com\/#\/schema\/logo\/image\/"},"sameAs":["https:\/\/www.facebook.com\/castanheiroboutiquehotel\/"]}]}},"_links":{"self":[{"href":"https:\/\/www.castanheiroboutiquehotel.com\/pt\/wp-json\/wp\/v2\/pages\/73","targetHints":{"allow":["GET"]}}],"collection":[{"href":"https:\/\/www.castanheiroboutiquehotel.com\/pt\/wp-json\/wp\/v2\/pages"}],"about":[{"href":"https:\/\/www.castanheiroboutiquehotel.com\/pt\/wp-json\/wp\/v2\/types\/page"}],"author":[{"embeddable":true,"href":"https:\/\/www.castanheiroboutiquehotel.com\/pt\/wp-json\/wp\/v2\/users\/1"}],"replies":[{"embeddable":true,"href":"https:\/\/www.castanheiroboutiquehotel.com\/pt\/wp-json\/wp\/v2\/comments?post=73"}],"version-history":[{"count":8,"href":"https:\/\/www.castanheiroboutiquehotel.com\/pt\/wp-json\/wp\/v2\/pages\/73\/revisions"}],"predecessor-version":[{"id":1645,"href":"https:\/\/www.castanheiroboutiquehotel.com\/pt\/wp-json\/wp\/v2\/pages\/73\/revisions\/1645"}],"wp:featuredmedia":[{"embeddable":true,"href":"https:\/\/www.castanheiroboutiquehotel.com\/pt\/wp-json\/wp\/v2\/media\/74"}],"wp:attachment":[{"href":"https:\/\/www.castanheiroboutiquehotel.com\/pt\/wp-json\/wp\/v2\/media?parent=73"}],"curies":[{"name":"wp","href":"https:\/\/api.w.org\/{rel}","templated":true}]}}