{"id":62,"date":"2016-02-08T17:19:29","date_gmt":"2016-02-08T17:19:29","guid":{"rendered":"http:\/\/urbanistasdigitais.pt\/tests\/cbh\/?page_id=62"},"modified":"2026-02-25T17:31:41","modified_gmt":"2026-02-25T17:31:41","slug":"servicos-facilidades","status":"publish","type":"page","link":"https:\/\/www.castanheiroboutiquehotel.com\/pt\/servicos-facilidades\/","title":{"rendered":"Servi\u00e7os &#038; Facilidades"},"content":{"rendered":"<div class=\"wpb-content-wrapper\"><p>[vc_row css=&#8221;.vc_custom_1455735479470{padding-top: 10% !important;}&#8221;][vc_column][vc_row_inner][vc_column_inner width=&#8221;1\/4&#8243;]<div class=\"ihovergrid-container\" style=\"width:;\"><ul class=\"ihover-container\" data-width=\"100\" data-height=\"100\" data-padding=\"\" data-margin=\"0\" data-thumbtitlepadding=\"\" data-wholecaptionpadding=\"\" data-thumbdescpadding=\"\" data-effect=\"effect6\" data-shape=\"square\" data-outeroffset=\"0\"><li class='submenu'><div class='ih-item colored square effect6 from_top_and_bottom scale_up'><a href='#hotel' target='_self'><div class='img'><img src='https:\/\/www.castanheiroboutiquehotel.com\/wp-content\/uploads\/2016\/02\/1_hotel_2-200x200.jpg' width='100' height='100' alt='' \/><\/div><div class='info'><h3>Hotel<\/h3><\/div><\/a><\/div><\/li><li class='submenu'><div class='ih-item colored square effect6 from_top_and_bottom scale_up'><a href='\/quartos-suites' target='_self'><div class='img'><img src='https:\/\/www.castanheiroboutiquehotel.com\/wp-content\/uploads\/2016\/02\/2_quartos_2-200x200.jpg' width='100' height='100' alt='' \/><\/div><div class='info'><h3>Quartos &amp; Suites<\/h3><\/div><\/a><\/div><\/li><li class='submenu'><div class='ih-item colored square effect6 from_top_and_bottom scale_up'><a href='\/restaurante-bares' target='_self'><div class='img'><img src='https:\/\/www.castanheiroboutiquehotel.com\/wp-content\/uploads\/2016\/02\/3_restaurante_2-200x200.jpg' width='100' height='100' alt='' \/><\/div><div class='info'><h3>Restaurante &amp; Bares<\/h3><\/div><\/a><\/div><\/li><li class='submenu'><div class='ih-item colored square effect6 from_top_and_bottom scale_up'><a href='\/servicos-facilidades' target='_self'><div class='img'><img src='https:\/\/www.castanheiroboutiquehotel.com\/wp-content\/uploads\/2016\/02\/4_servicos_cc-200x200.jpg' width='100' height='100' alt='' \/><\/div><div class='info'><h3>Servi\u00e7os &amp; Facilidades<\/h3><\/div><\/a><\/div><\/li><li class='submenu'><div class='ih-item colored square effect6 from_top_and_bottom scale_up'><a href='\/til-spa' target='_self'><div class='img'><img src='https:\/\/www.castanheiroboutiquehotel.com\/wp-content\/uploads\/2016\/02\/5_tilspa_2-200x200.jpg' width='100' height='100' alt='' \/><\/div><div class='info'><h3>Til Spa<\/h3><\/div><\/a><\/div><\/li><li class='submenu'><div class='ih-item colored square effect6 from_top_and_bottom scale_up'><a href='\/negocios-eventos' target='_self'><div class='img'><img src='https:\/\/www.castanheiroboutiquehotel.com\/wp-content\/uploads\/2016\/02\/6_negocios_2-200x200.jpg' width='100' height='100' alt='' \/><\/div><div class='info'><h3>Neg\u00f3cios &amp; Eventos<\/h3><\/div><\/a><\/div><\/li><li class='submenu'><div class='ih-item colored square effect6 from_top_and_bottom scale_up'><a href='#' target='_self'><div class='img'><img src='https:\/\/www.castanheiroboutiquehotel.com\/wp-content\/uploads\/2016\/02\/7_parque_2-200x200.jpg' width='100' height='100' alt='' \/><\/div><div class='info'><h3>Parque<\/h3><\/div><\/a><\/div><\/li><li class='submenu'><div class='ih-item colored square effect6 from_top_and_bottom scale_up'><a href='#' target='_self'><div class='img'><img src='https:\/\/www.castanheiroboutiquehotel.com\/wp-content\/uploads\/2016\/02\/8_wifi_2-200x200.jpg' width='100' height='100' alt='' \/><\/div><div class='info'><h3>Wi-fi Gr\u00e1tis<\/h3><\/div><\/a><\/div><\/li><li class='submenu'><div class='ih-item colored square effect6 from_top_and_bottom scale_up'><a href='\/gift-shop' target='_self'><div class='img'><img src='https:\/\/www.castanheiroboutiquehotel.com\/wp-content\/uploads\/2026\/02\/gift_shop_white-200x200.jpg' width='100' height='100' alt='' \/><\/div><div class='info'><h3>Loja de Lembran\u00e7as<\/h3><\/div><\/a><\/div><\/li><\/ul><\/div>[vc_empty_space][\/vc_column_inner][vc_column_inner width=&#8221;3\/4&#8243;][vc_custom_heading source=&#8221;post_title&#8221; font_container=&#8221;tag:h1|text_align:left&#8221; use_theme_fonts=&#8221;yes&#8221;][vc_empty_space][vc_single_image image=&#8221;104&#8243; img_size=&#8221;full&#8221;][vc_column_text]Num ambiente \u00fanico onde convivem diferentes estilos arquitet\u00f3nicos, o cliente poder\u00e1 apreciar p\u00e1tios verdes, esplanadas e terra\u00e7os numa experi\u00eancia \u00fanica de design, sabores e aten\u00e7\u00e3o personalizada destacam-se as seguintes facilidades e servi\u00e7os:[\/vc_column_text][vc_column_text]- Restaurante \u00e0 la carte<br \/>\n&#8211; Servi\u00e7o \u201cRoom-Service\u201d<br \/>\n&#8211; Set de prepara\u00e7\u00e3o de ch\u00e1 e caf\u00e9 a pedido<br \/>\n&#8211; Piscina exterior aquecida com sol\u00e1rio panor\u00e2mico<br \/>\n&#8211; P\u00e1tio interior ajardinado (pastelaria, caf\u00e9 e ch\u00e1)<br \/>\n&#8211; Esplanada em deck (bebidas e snacks)<br \/>\n&#8211; Terra\u00e7o com esplanada panor\u00e2mico (saladas, pizzas, massa e bebidas)<br \/>\n&#8211; Spa com piscina de hidroterapia, zona de relaxamento, banho turco, sauna, massagens de relaxamento e terap\u00eauticas e tratamentos de beleza<br \/>\n&#8211; Gin\u00e1sio<br \/>\n&#8211; Cabeleireiro<br \/>\n&#8211; Biblioteca \/ Sala de leitura<br \/>\n&#8211; Lavandaria e lavagem a seco a pedido<br \/>\n&#8211; Eletricidade \u2013 220V<br \/>\n&#8211; Rece\u00e7\u00e3o e Portaria (24 horas)<br \/>\n&#8211; Internet sem fios gr\u00e1tis em todas as zonas do hotel<br \/>\n&#8211; Sala para confer\u00eancias e eventos\u00a0com capacidade at\u00e9 70 pessoas<br \/>\n&#8211; Parque coberto\u00a0para uso dos h\u00f3spedes<br \/>\n&#8211; Jornais di\u00e1rios dispon\u00edveis<br \/>\n&#8211; M\u00e1quina de caf\u00e9 e ch\u00e1[\/vc_column_text][\/vc_column_inner][\/vc_row_inner][vc_empty_space height=&#8221;100px&#8221;][\/vc_column][\/vc_row]<\/p>\n<\/div>","protected":false},"excerpt":{"rendered":"<p>[vc_row css=&#8221;.vc_custom_1455735479470{padding-top: 10% !important;}&#8221;][vc_column][vc_row_inner][vc_column_inner width=&#8221;1\/4&#8243;][vc_empty_space][\/vc_column_inner][vc_column_inner width=&#8221;3\/4&#8243;][vc_custom_heading source=&#8221;post_title&#8221; font_container=&#8221;tag:h1|text_align:left&#8221; use_theme_fonts=&#8221;yes&#8221;][vc_empty_space][vc_single_image image=&#8221;104&#8243; img_size=&#8221;full&#8221;][vc_column_text]Num ambiente \u00fanico onde convivem diferentes estilos arquitet\u00f3nicos, o cliente poder\u00e1 apreciar p\u00e1tios verdes, esplanadas [&#8230;] <br \/><a class=\"more-link\" href=\"https:\/\/www.castanheiroboutiquehotel.com\/pt\/servicos-facilidades\/\" rel=\"nofollow\">Read more<\/a><\/p>\n","protected":false},"author":1,"featured_media":104,"parent":0,"menu_order":0,"comment_status":"closed","ping_status":"closed","template":"","meta":{"_genesis_hide_title":false,"_genesis_hide_breadcrumbs":false,"_genesis_hide_singular_image":false,"_genesis_hide_footer_widgets":false,"_genesis_custom_body_class":"","_genesis_custom_post_class":"","_genesis_layout":"","footnotes":""},"class_list":{"0":"post-62","1":"page","2":"type-page","3":"status-publish","4":"has-post-thumbnail","6":"entry","7":"override"},"yoast_head":"<!-- This site is optimized with the Yoast SEO plugin v26.9 - https:\/\/yoast.com\/product\/yoast-seo-wordpress\/ -->\n<title>Servi\u00e7os &amp; Facilidades - Castanheiro Boutique Hotel<\/title>\n<meta name=\"robots\" content=\"index, follow, max-snippet:-1, max-image-preview:large, max-video-preview:-1\" \/>\n<link rel=\"canonical\" href=\"https:\/\/www.castanheiroboutiquehotel.com\/servicos-facilidades\/\" \/>\n<meta property=\"og:locale\" content=\"pt_PT\" \/>\n<meta property=\"og:type\" content=\"article\" \/>\n<meta property=\"og:title\" content=\"Servi\u00e7os &amp; Facilidades - Castanheiro Boutique Hotel\" \/>\n<meta property=\"og:description\" content=\"[vc_row css=&#8221;.vc_custom_1455735479470{padding-top: 10% !important;}&#8221;][vc_column][vc_row_inner][vc_column_inner width=&#8221;1\/4&#8243;][vc_empty_space][\/vc_column_inner][vc_column_inner width=&#8221;3\/4&#8243;][vc_custom_heading source=&#8221;post_title&#8221; font_container=&#8221;tag:h1|text_align:left&#8221; use_theme_fonts=&#8221;yes&#8221;][vc_empty_space][vc_single_image image=&#8221;104&#8243; img_size=&#8221;full&#8221;][vc_column_text]Num ambiente \u00fanico onde convivem diferentes estilos arquitet\u00f3nicos, o cliente poder\u00e1 apreciar p\u00e1tios verdes, esplanadas [...] Read more\" \/>\n<meta property=\"og:url\" content=\"https:\/\/www.castanheiroboutiquehotel.com\/servicos-facilidades\/\" \/>\n<meta property=\"og:site_name\" content=\"Castanheiro Boutique Hotel\" \/>\n<meta property=\"article:publisher\" content=\"https:\/\/www.facebook.com\/castanheiroboutiquehotel\/\" \/>\n<meta property=\"article:modified_time\" content=\"2026-02-25T17:31:41+00:00\" \/>\n<meta property=\"og:image\" content=\"https:\/\/www.castanheiroboutiquehotel.com\/wp-content\/uploads\/2016\/01\/castanheiro_biblioteca_2.jpg\" \/>\n\t<meta property=\"og:image:width\" content=\"1600\" \/>\n\t<meta property=\"og:image:height\" content=\"1067\" \/>\n\t<meta property=\"og:image:type\" content=\"image\/jpeg\" \/>\n<meta name=\"twitter:card\" content=\"summary_large_image\" \/>\n<meta name=\"twitter:label1\" content=\"Tempo estimado de leitura\" \/>\n\t<meta name=\"twitter:data1\" content=\"2 minutos\" \/>\n<script type=\"application\/ld+json\" class=\"yoast-schema-graph\">{\"@context\":\"https:\/\/schema.org\",\"@graph\":[{\"@type\":\"WebPage\",\"@id\":\"https:\/\/www.castanheiroboutiquehotel.com\/servicos-facilidades\/\",\"url\":\"https:\/\/www.castanheiroboutiquehotel.com\/servicos-facilidades\/\",\"name\":\"Servi\u00e7os & Facilidades - Castanheiro Boutique Hotel\",\"isPartOf\":{\"@id\":\"https:\/\/www.castanheiroboutiquehotel.com\/#website\"},\"primaryImageOfPage\":{\"@id\":\"https:\/\/www.castanheiroboutiquehotel.com\/servicos-facilidades\/#primaryimage\"},\"image\":{\"@id\":\"https:\/\/www.castanheiroboutiquehotel.com\/servicos-facilidades\/#primaryimage\"},\"thumbnailUrl\":\"https:\/\/www.castanheiroboutiquehotel.com\/wp-content\/uploads\/2016\/01\/castanheiro_biblioteca_2.jpg\",\"datePublished\":\"2016-02-08T17:19:29+00:00\",\"dateModified\":\"2026-02-25T17:31:41+00:00\",\"breadcrumb\":{\"@id\":\"https:\/\/www.castanheiroboutiquehotel.com\/servicos-facilidades\/#breadcrumb\"},\"inLanguage\":\"pt-PT\",\"potentialAction\":[{\"@type\":\"ReadAction\",\"target\":[\"https:\/\/www.castanheiroboutiquehotel.com\/servicos-facilidades\/\"]}]},{\"@type\":\"ImageObject\",\"inLanguage\":\"pt-PT\",\"@id\":\"https:\/\/www.castanheiroboutiquehotel.com\/servicos-facilidades\/#primaryimage\",\"url\":\"https:\/\/www.castanheiroboutiquehotel.com\/wp-content\/uploads\/2016\/01\/castanheiro_biblioteca_2.jpg\",\"contentUrl\":\"https:\/\/www.castanheiroboutiquehotel.com\/wp-content\/uploads\/2016\/01\/castanheiro_biblioteca_2.jpg\",\"width\":1600,\"height\":1067},{\"@type\":\"BreadcrumbList\",\"@id\":\"https:\/\/www.castanheiroboutiquehotel.com\/servicos-facilidades\/#breadcrumb\",\"itemListElement\":[{\"@type\":\"ListItem\",\"position\":1,\"name\":\"Home\",\"item\":\"https:\/\/www.castanheiroboutiquehotel.com\/\"},{\"@type\":\"ListItem\",\"position\":2,\"name\":\"Services &#038; Facilities\"}]},{\"@type\":\"WebSite\",\"@id\":\"https:\/\/www.castanheiroboutiquehotel.com\/#website\",\"url\":\"https:\/\/www.castanheiroboutiquehotel.com\/\",\"name\":\"Castanheiro Boutique Hotel\",\"description\":\"Uma experi\u00eancia \u00fanica num local singular\",\"publisher\":{\"@id\":\"https:\/\/www.castanheiroboutiquehotel.com\/#organization\"},\"potentialAction\":[{\"@type\":\"SearchAction\",\"target\":{\"@type\":\"EntryPoint\",\"urlTemplate\":\"https:\/\/www.castanheiroboutiquehotel.com\/?s={search_term_string}\"},\"query-input\":{\"@type\":\"PropertyValueSpecification\",\"valueRequired\":true,\"valueName\":\"search_term_string\"}}],\"inLanguage\":\"pt-PT\"},{\"@type\":\"Organization\",\"@id\":\"https:\/\/www.castanheiroboutiquehotel.com\/#organization\",\"name\":\"Castanheiro Boutique Hotel\",\"url\":\"https:\/\/www.castanheiroboutiquehotel.com\/\",\"logo\":{\"@type\":\"ImageObject\",\"inLanguage\":\"pt-PT\",\"@id\":\"https:\/\/www.castanheiroboutiquehotel.com\/#\/schema\/logo\/image\/\",\"url\":\"https:\/\/www.castanheiroboutiquehotel.com\/wp-content\/uploads\/2016\/02\/1_hotel_2.jpg\",\"contentUrl\":\"https:\/\/www.castanheiroboutiquehotel.com\/wp-content\/uploads\/2016\/02\/1_hotel_2.jpg\",\"width\":667,\"height\":667,\"caption\":\"Castanheiro Boutique Hotel\"},\"image\":{\"@id\":\"https:\/\/www.castanheiroboutiquehotel.com\/#\/schema\/logo\/image\/\"},\"sameAs\":[\"https:\/\/www.facebook.com\/castanheiroboutiquehotel\/\"]}]}<\/script>\n<!-- \/ Yoast SEO plugin. -->","yoast_head_json":{"title":"Servi\u00e7os & Facilidades - Castanheiro Boutique Hotel","robots":{"index":"index","follow":"follow","max-snippet":"max-snippet:-1","max-image-preview":"max-image-preview:large","max-video-preview":"max-video-preview:-1"},"canonical":"https:\/\/www.castanheiroboutiquehotel.com\/servicos-facilidades\/","og_locale":"pt_PT","og_type":"article","og_title":"Servi\u00e7os & Facilidades - Castanheiro Boutique Hotel","og_description":"[vc_row css=&#8221;.vc_custom_1455735479470{padding-top: 10% !important;}&#8221;][vc_column][vc_row_inner][vc_column_inner width=&#8221;1\/4&#8243;][vc_empty_space][\/vc_column_inner][vc_column_inner width=&#8221;3\/4&#8243;][vc_custom_heading source=&#8221;post_title&#8221; font_container=&#8221;tag:h1|text_align:left&#8221; use_theme_fonts=&#8221;yes&#8221;][vc_empty_space][vc_single_image image=&#8221;104&#8243; img_size=&#8221;full&#8221;][vc_column_text]Num ambiente \u00fanico onde convivem diferentes estilos arquitet\u00f3nicos, o cliente poder\u00e1 apreciar p\u00e1tios verdes, esplanadas [...] Read more","og_url":"https:\/\/www.castanheiroboutiquehotel.com\/servicos-facilidades\/","og_site_name":"Castanheiro Boutique Hotel","article_publisher":"https:\/\/www.facebook.com\/castanheiroboutiquehotel\/","article_modified_time":"2026-02-25T17:31:41+00:00","og_image":[{"width":1600,"height":1067,"url":"https:\/\/www.castanheiroboutiquehotel.com\/wp-content\/uploads\/2016\/01\/castanheiro_biblioteca_2.jpg","type":"image\/jpeg"}],"twitter_card":"summary_large_image","twitter_misc":{"Tempo estimado de leitura":"2 minutos"},"schema":{"@context":"https:\/\/schema.org","@graph":[{"@type":"WebPage","@id":"https:\/\/www.castanheiroboutiquehotel.com\/servicos-facilidades\/","url":"https:\/\/www.castanheiroboutiquehotel.com\/servicos-facilidades\/","name":"Servi\u00e7os & Facilidades - Castanheiro Boutique Hotel","isPartOf":{"@id":"https:\/\/www.castanheiroboutiquehotel.com\/#website"},"primaryImageOfPage":{"@id":"https:\/\/www.castanheiroboutiquehotel.com\/servicos-facilidades\/#primaryimage"},"image":{"@id":"https:\/\/www.castanheiroboutiquehotel.com\/servicos-facilidades\/#primaryimage"},"thumbnailUrl":"https:\/\/www.castanheiroboutiquehotel.com\/wp-content\/uploads\/2016\/01\/castanheiro_biblioteca_2.jpg","datePublished":"2016-02-08T17:19:29+00:00","dateModified":"2026-02-25T17:31:41+00:00","breadcrumb":{"@id":"https:\/\/www.castanheiroboutiquehotel.com\/servicos-facilidades\/#breadcrumb"},"inLanguage":"pt-PT","potentialAction":[{"@type":"ReadAction","target":["https:\/\/www.castanheiroboutiquehotel.com\/servicos-facilidades\/"]}]},{"@type":"ImageObject","inLanguage":"pt-PT","@id":"https:\/\/www.castanheiroboutiquehotel.com\/servicos-facilidades\/#primaryimage","url":"https:\/\/www.castanheiroboutiquehotel.com\/wp-content\/uploads\/2016\/01\/castanheiro_biblioteca_2.jpg","contentUrl":"https:\/\/www.castanheiroboutiquehotel.com\/wp-content\/uploads\/2016\/01\/castanheiro_biblioteca_2.jpg","width":1600,"height":1067},{"@type":"BreadcrumbList","@id":"https:\/\/www.castanheiroboutiquehotel.com\/servicos-facilidades\/#breadcrumb","itemListElement":[{"@type":"ListItem","position":1,"name":"Home","item":"https:\/\/www.castanheiroboutiquehotel.com\/"},{"@type":"ListItem","position":2,"name":"Services &#038; Facilities"}]},{"@type":"WebSite","@id":"https:\/\/www.castanheiroboutiquehotel.com\/#website","url":"https:\/\/www.castanheiroboutiquehotel.com\/","name":"Castanheiro Boutique Hotel","description":"Uma experi\u00eancia \u00fanica num local singular","publisher":{"@id":"https:\/\/www.castanheiroboutiquehotel.com\/#organization"},"potentialAction":[{"@type":"SearchAction","target":{"@type":"EntryPoint","urlTemplate":"https:\/\/www.castanheiroboutiquehotel.com\/?s={search_term_string}"},"query-input":{"@type":"PropertyValueSpecification","valueRequired":true,"valueName":"search_term_string"}}],"inLanguage":"pt-PT"},{"@type":"Organization","@id":"https:\/\/www.castanheiroboutiquehotel.com\/#organization","name":"Castanheiro Boutique Hotel","url":"https:\/\/www.castanheiroboutiquehotel.com\/","logo":{"@type":"ImageObject","inLanguage":"pt-PT","@id":"https:\/\/www.castanheiroboutiquehotel.com\/#\/schema\/logo\/image\/","url":"https:\/\/www.castanheiroboutiquehotel.com\/wp-content\/uploads\/2016\/02\/1_hotel_2.jpg","contentUrl":"https:\/\/www.castanheiroboutiquehotel.com\/wp-content\/uploads\/2016\/02\/1_hotel_2.jpg","width":667,"height":667,"caption":"Castanheiro Boutique Hotel"},"image":{"@id":"https:\/\/www.castanheiroboutiquehotel.com\/#\/schema\/logo\/image\/"},"sameAs":["https:\/\/www.facebook.com\/castanheiroboutiquehotel\/"]}]}},"_links":{"self":[{"href":"https:\/\/www.castanheiroboutiquehotel.com\/pt\/wp-json\/wp\/v2\/pages\/62","targetHints":{"allow":["GET"]}}],"collection":[{"href":"https:\/\/www.castanheiroboutiquehotel.com\/pt\/wp-json\/wp\/v2\/pages"}],"about":[{"href":"https:\/\/www.castanheiroboutiquehotel.com\/pt\/wp-json\/wp\/v2\/types\/page"}],"author":[{"embeddable":true,"href":"https:\/\/www.castanheiroboutiquehotel.com\/pt\/wp-json\/wp\/v2\/users\/1"}],"replies":[{"embeddable":true,"href":"https:\/\/www.castanheiroboutiquehotel.com\/pt\/wp-json\/wp\/v2\/comments?post=62"}],"version-history":[{"count":11,"href":"https:\/\/www.castanheiroboutiquehotel.com\/pt\/wp-json\/wp\/v2\/pages\/62\/revisions"}],"predecessor-version":[{"id":1654,"href":"https:\/\/www.castanheiroboutiquehotel.com\/pt\/wp-json\/wp\/v2\/pages\/62\/revisions\/1654"}],"wp:featuredmedia":[{"embeddable":true,"href":"https:\/\/www.castanheiroboutiquehotel.com\/pt\/wp-json\/wp\/v2\/media\/104"}],"wp:attachment":[{"href":"https:\/\/www.castanheiroboutiquehotel.com\/pt\/wp-json\/wp\/v2\/media?parent=62"}],"curies":[{"name":"wp","href":"https:\/\/api.w.org\/{rel}","templated":true}]}}