{"id":345,"date":"2016-02-16T16:52:27","date_gmt":"2016-02-16T16:52:27","guid":{"rendered":"http:\/\/urbanistasdigitais.pt\/tests\/cbh\/?page_id=345"},"modified":"2026-02-22T18:36:10","modified_gmt":"2026-02-22T18:36:10","slug":"quartos-suites","status":"publish","type":"page","link":"https:\/\/www.castanheiroboutiquehotel.com\/pt\/quartos-suites\/","title":{"rendered":"Quartos &#038; Suites"},"content":{"rendered":"<div class=\"wpb-content-wrapper\"><p><\/p>\n<p>[vc_row css=&#8221;.vc_custom_1455734513520{padding-top: 10% !important;}&#8221;][vc_column width=&#8221;1\/4&#8243;]<div class=\"ihovergrid-container\" style=\"width:;\"><ul class=\"ihover-container\" data-width=\"100\" data-height=\"100\" data-padding=\"\" data-margin=\"0\" data-thumbtitlepadding=\"\" data-wholecaptionpadding=\"\" data-thumbdescpadding=\"\" data-effect=\"effect6\" data-shape=\"square\" data-outeroffset=\"0\"><li class='submenu'><div class='ih-item colored square effect6 from_top_and_bottom scale_up'><a href='#hotel' target='_self'><div class='img'><img src='https:\/\/www.castanheiroboutiquehotel.com\/wp-content\/uploads\/2016\/02\/1_hotel_2-200x200.jpg' width='100' height='100' alt='' \/><\/div><div class='info'><h3>Hotel<\/h3><\/div><\/a><\/div><\/li><li class='submenu'><div class='ih-item colored square effect6 from_top_and_bottom scale_up'><a href='\/quartos-suites' target='_self'><div class='img'><img src='https:\/\/www.castanheiroboutiquehotel.com\/wp-content\/uploads\/2016\/02\/2_quartos_cc-200x200.jpg' width='100' height='100' alt='' \/><\/div><div class='info'><h3>Quartos & Suites<\/h3><\/div><\/a><\/div><\/li><li class='submenu'><div class='ih-item colored square effect6 from_top_and_bottom scale_up'><a href='\/restaurante-bares' target='_self'><div class='img'><img src='https:\/\/www.castanheiroboutiquehotel.com\/wp-content\/uploads\/2016\/02\/3_restaurante_2-200x200.jpg' width='100' height='100' alt='' \/><\/div><div class='info'><h3>Restaurante & Bares<\/h3><\/div><\/a><\/div><\/li><li class='submenu'><div class='ih-item colored square effect6 from_top_and_bottom scale_up'><a href='\/servicos-facilidades' target='_self'><div class='img'><img src='https:\/\/www.castanheiroboutiquehotel.com\/wp-content\/uploads\/2016\/02\/4_servicos_2-200x200.jpg' width='100' height='100' alt='' \/><\/div><div class='info'><h3>Servi\u00e7os & Facilidades<\/h3><\/div><\/a><\/div><\/li><li class='submenu'><div class='ih-item colored square effect6 from_top_and_bottom scale_up'><a href='\/til-spa' target='_self'><div class='img'><img src='https:\/\/www.castanheiroboutiquehotel.com\/wp-content\/uploads\/2016\/02\/5_tilspa_2-200x200.jpg' width='100' height='100' alt='' \/><\/div><div class='info'><h3>Til Spa<\/h3><\/div><\/a><\/div><\/li><li class='submenu'><div class='ih-item colored square effect6 from_top_and_bottom scale_up'><a href='\/negocios-eventos' target='_self'><div class='img'><img src='https:\/\/www.castanheiroboutiquehotel.com\/wp-content\/uploads\/2016\/02\/6_negocios_2-200x200.jpg' width='100' height='100' alt='' \/><\/div><div class='info'><h3>Neg\u00f3cios & Eventos<\/h3><\/div><\/a><\/div><\/li><li class='submenu'><div class='ih-item colored square effect6 from_top_and_bottom scale_up'><a href='#' target='_self'><div class='img'><img src='https:\/\/www.castanheiroboutiquehotel.com\/wp-content\/uploads\/2016\/02\/7_parque_2-200x200.jpg' width='100' height='100' alt='' \/><\/div><div class='info'><h3>Parque<\/h3><\/div><\/a><\/div><\/li><li class='submenu'><div class='ih-item colored square effect6 from_top_and_bottom scale_up'><a href='#' target='_self'><div class='img'><img src='https:\/\/www.castanheiroboutiquehotel.com\/wp-content\/uploads\/2016\/02\/8_wifi_2-200x200.jpg' width='100' height='100' alt='' \/><\/div><div class='info'><h3>Wi-fi Gr\u00e1tis<\/h3><\/div><\/a><\/div><\/li><li class='submenu'><div class='ih-item colored square effect6 from_top_and_bottom scale_up'><a href='\/gift-shop' target='_self'><div class='img'><img src='https:\/\/www.castanheiroboutiquehotel.com\/wp-content\/uploads\/2026\/02\/gift_shop_white-200x200.jpg' width='100' height='100' alt='' \/><\/div><div class='info'><h3>Gift-Shop<\/h3><\/div><\/a><\/div><\/li><\/ul><\/div>[vc_empty_space][\/vc_column][vc_column width=&#8221;3\/4&#8243;][vc_custom_heading source=&#8221;post_title&#8221; font_container=&#8221;tag:h1|text_align:left&#8221; use_theme_fonts=&#8221;yes&#8221;][vc_empty_space][vc_row_inner][vc_column_inner width=&#8221;2\/3&#8243;][vc_column_text]Decorados de acordo com a arquitetura dos diferentes pr\u00e9dios, o Castanheiro Boutique Hotel tem um total de 81 quartos e suites, na maioria com balc\u00e3o e vistas para os p\u00e1tios interiores e cidade. Em alguns dos quartos existe a op\u00e7\u00e3o de kitchenette totalmente equipada (frigor\u00edfico, placa de indu\u00e7\u00e3o, micro-ondas, m\u00e1quina de caf\u00e9, lou\u00e7a e talheres).<\/p>\n<p>Al\u00e9m de 1 quarto adaptado para mobilidade reduzida, o hotel disp\u00f5e de quartos comunicantes para fam\u00edlias.<\/p>\n<p>Todos os quartos s\u00e3o totalmente insonorizados e com comodidades de qualidade superior.[\/vc_column_text][\/vc_column_inner][vc_column_inner width=&#8221;1\/3&#8243;][vc_column_text el_class=&#8221;small_p&#8221;]- Ar condicionado e aquecimento<br \/>\n&#8211; Televis\u00f5es LED 40\u201d com canais por cabo<br \/>\n&#8211; Acesso gratuito \u00e0 internet sem fios<br \/>\n&#8211; Telefone com marca\u00e7\u00e3o directa<br \/>\n&#8211; Secador de cabelo<br \/>\n&#8211; Casa de banho privada com duche<br \/>\n&#8211; Premium Amenities<br \/>\n&#8211; Cofre eletr\u00f3nico gratuito<br \/>\n&#8211; Robes e chinelos<br \/>\n&#8211; Minibar[\/vc_column_text][\/vc_column_inner][\/vc_row_inner][\/vc_column][\/vc_row][vc_row][vc_column width=&#8221;1\/4&#8243;][\/vc_column][vc_column width=&#8221;3\/4&#8243;][vc_single_image image=&#8221;127&#8243; img_size=&#8221;full&#8221;][vc_row_inner][vc_column_inner][vc_custom_heading text=&#8221;Quarto Standard&#8221; use_theme_fonts=&#8221;yes&#8221;][vc_column_text]<\/p>\n<p class=\"p1\"><span class=\"s1\">Com uma \u00e1rea aproximada de 20m\u00b2 este tipo de quarto encontra-se por todo o hotel. Tem uma capacidade m\u00e1xima de 2 pessoas, tendo na sua maioria um balc\u00e3o franc\u00eas.<\/span><\/p>\n<p>[\/vc_column_text][\/vc_column_inner][\/vc_row_inner][vc_empty_space height=&#8221;100px&#8221;][\/vc_column][\/vc_row][vc_row][vc_column width=&#8221;1\/4&#8243;][\/vc_column][vc_column width=&#8221;3\/4&#8243;][vc_single_image image=&#8221;133&#8243; img_size=&#8221;full&#8221;][vc_row_inner][vc_column_inner][vc_custom_heading text=&#8221;Quarto Deluxe&#8221; use_theme_fonts=&#8221;yes&#8221;][vc_column_text]<\/p>\n<p class=\"p1\"><span class=\"s1\">Situados na parte central do hotel t\u00eam um balc\u00e3o mobilado\u00a0com vista p\u00e1tio ou vista cidade. T\u00eam uma capacidade m\u00e1xima de 2 pessoas.<\/span><\/p>\n<p>[\/vc_column_text][\/vc_column_inner][\/vc_row_inner][vc_empty_space height=&#8221;100px&#8221;][\/vc_column][\/vc_row][vc_row][vc_column width=&#8221;1\/4&#8243;][\/vc_column][vc_column width=&#8221;3\/4&#8243;][vc_single_image image=&#8221;130&#8243; img_size=&#8221;full&#8221;][vc_row_inner][vc_column_inner][vc_custom_heading text=&#8221;Quarto Deluxe Premium&#8221; use_theme_fonts=&#8221;yes&#8221;][vc_column_text]<\/p>\n<p class=\"p1\"><span class=\"s1\">Quarto Superior dotado de espa\u00e7oso terra\u00e7o mobilado\u00a0para disfrutar do sol. A ocupa\u00e7\u00e3o m\u00e1xima \u00e9 de dois adultos.\u00a0<\/span><span class=\"s1\">Possuem ainda uma zona para prepara\u00e7\u00e3o de ch\u00e1 e caf\u00e9.<\/span><\/p>\n<p>[\/vc_column_text][\/vc_column_inner][\/vc_row_inner][vc_empty_space height=&#8221;100px&#8221;][\/vc_column][\/vc_row][vc_row][vc_column width=&#8221;1\/4&#8243;][\/vc_column][vc_column width=&#8221;3\/4&#8243;][vc_single_image image=&#8221;125&#8243; img_size=&#8221;full&#8221;][vc_row_inner][vc_column_inner][vc_custom_heading text=&#8221;Suite J\u00fanior&#8221; use_theme_fonts=&#8221;yes&#8221;][vc_column_text]<\/p>\n<p class=\"p1\"><span class=\"s1\">Com aproximadamente 30m\u00b2, estes quartos possuem uma sala completa cont\u00edgua \u00e0 zona de dormir. T\u00eam capacidade para tr\u00eas adultos, ou dois adultos e uma crian\u00e7a.\u00a0<\/span><\/p>\n<p>[\/vc_column_text][\/vc_column_inner][\/vc_row_inner][vc_empty_space height=&#8221;100px&#8221;][\/vc_column][\/vc_row][vc_row][vc_column width=&#8221;1\/4&#8243;][\/vc_column][vc_column width=&#8221;3\/4&#8243;][vc_single_image image=&#8221;132&#8243; img_size=&#8221;full&#8221;][vc_row_inner][vc_column_inner][vc_custom_heading text=&#8221;Suite&#8221; use_theme_fonts=&#8221;yes&#8221;][vc_column_text]<\/p>\n<p class=\"p1\"><span class=\"s1\">Com cerca de 35m\u00b2, possuem quarto de dormir e sala separada. Podem acomodar tr\u00eas adultos ou dois adultos e duas crian\u00e7as. Possuem ainda uma zona para prepara\u00e7\u00e3o de ch\u00e1 e caf\u00e9.\u00a0<\/span><span class=\"s1\">Entrega di\u00e1ria de Jornal gratuito.<\/span><\/p>\n<p>[\/vc_column_text][\/vc_column_inner][\/vc_row_inner][vc_empty_space height=&#8221;100px&#8221;][\/vc_column][\/vc_row][vc_row][vc_column width=&#8221;1\/4&#8243;][\/vc_column][vc_column width=&#8221;3\/4&#8243;][vc_single_image image=&#8221;129&#8243; img_size=&#8221;full&#8221;][vc_row_inner][vc_column_inner][vc_custom_heading text=&#8221;Studio&#8221; use_theme_fonts=&#8221;yes&#8221;][vc_column_text]<\/p>\n<p class=\"p1\"><span class=\"s1\">Estes quartos t\u00eam uma kitchenette completa e podem ser da tipologia Deluxe (com varanda) ou J\u00fanior Suite (com sala cont\u00edgua).<\/span><\/p>\n<p>[\/vc_column_text][\/vc_column_inner][\/vc_row_inner][vc_empty_space height=&#8221;100px&#8221;][\/vc_column][\/vc_row]<\/p>\n<p><\/p>\n<\/div>","protected":false},"excerpt":{"rendered":"<p>[vc_row css=&#8221;.vc_custom_1455734513520{padding-top: 10% !important;}&#8221;][vc_column width=&#8221;1\/4&#8243;][vc_empty_space][\/vc_column][vc_column width=&#8221;3\/4&#8243;][vc_custom_heading source=&#8221;post_title&#8221; font_container=&#8221;tag:h1|text_align:left&#8221; use_theme_fonts=&#8221;yes&#8221;][vc_empty_space][vc_row_inner][vc_column_inner width=&#8221;2\/3&#8243;][vc_column_text]Decorados de acordo com a arquitetura dos diferentes pr\u00e9dios, o Castanheiro Boutique Hotel tem um total [&#8230;] <br \/><a class=\"more-link\" href=\"https:\/\/www.castanheiroboutiquehotel.com\/pt\/quartos-suites\/\" rel=\"nofollow\">Read more<\/a><\/p>\n","protected":false},"author":1,"featured_media":125,"parent":0,"menu_order":0,"comment_status":"closed","ping_status":"closed","template":"","meta":{"_genesis_hide_title":false,"_genesis_hide_breadcrumbs":false,"_genesis_hide_singular_image":false,"_genesis_hide_footer_widgets":false,"_genesis_custom_body_class":"","_genesis_custom_post_class":"","_genesis_layout":"","footnotes":""},"class_list":{"0":"post-345","1":"page","2":"type-page","3":"status-publish","4":"has-post-thumbnail","6":"entry","7":"override"},"yoast_head":"<!-- This site is optimized with the Yoast SEO plugin v26.9 - https:\/\/yoast.com\/product\/yoast-seo-wordpress\/ -->\n<title>Quartos &amp; Suites - Castanheiro Boutique Hotel<\/title>\n<meta name=\"robots\" content=\"index, follow, max-snippet:-1, max-image-preview:large, max-video-preview:-1\" \/>\n<link rel=\"canonical\" href=\"https:\/\/www.castanheiroboutiquehotel.com\/quartos-suites\/\" \/>\n<meta property=\"og:locale\" content=\"pt_PT\" \/>\n<meta property=\"og:type\" content=\"article\" \/>\n<meta property=\"og:title\" content=\"Quartos &amp; Suites - Castanheiro Boutique Hotel\" \/>\n<meta property=\"og:description\" content=\"[vc_row css=&#8221;.vc_custom_1455734513520{padding-top: 10% !important;}&#8221;][vc_column width=&#8221;1\/4&#8243;][vc_empty_space][\/vc_column][vc_column width=&#8221;3\/4&#8243;][vc_custom_heading source=&#8221;post_title&#8221; font_container=&#8221;tag:h1|text_align:left&#8221; use_theme_fonts=&#8221;yes&#8221;][vc_empty_space][vc_row_inner][vc_column_inner width=&#8221;2\/3&#8243;][vc_column_text]Decorados de acordo com a arquitetura dos diferentes pr\u00e9dios, o Castanheiro Boutique Hotel tem um total [...] Read more\" \/>\n<meta property=\"og:url\" content=\"https:\/\/www.castanheiroboutiquehotel.com\/quartos-suites\/\" \/>\n<meta property=\"og:site_name\" content=\"Castanheiro Boutique Hotel\" \/>\n<meta property=\"article:publisher\" content=\"https:\/\/www.facebook.com\/castanheiroboutiquehotel\/\" \/>\n<meta property=\"article:modified_time\" content=\"2026-02-22T18:36:10+00:00\" \/>\n<meta property=\"og:image\" content=\"https:\/\/www.castanheiroboutiquehotel.com\/wp-content\/uploads\/2016\/01\/castanheiro_quarto_azul_2.jpg\" \/>\n\t<meta property=\"og:image:width\" content=\"1600\" \/>\n\t<meta property=\"og:image:height\" content=\"1067\" \/>\n\t<meta property=\"og:image:type\" content=\"image\/jpeg\" \/>\n<meta name=\"twitter:card\" content=\"summary_large_image\" \/>\n<meta name=\"twitter:label1\" content=\"Tempo estimado de leitura\" \/>\n\t<meta name=\"twitter:data1\" content=\"5 minutos\" \/>\n<script type=\"application\/ld+json\" class=\"yoast-schema-graph\">{\"@context\":\"https:\/\/schema.org\",\"@graph\":[{\"@type\":\"WebPage\",\"@id\":\"https:\/\/www.castanheiroboutiquehotel.com\/quartos-suites\/\",\"url\":\"https:\/\/www.castanheiroboutiquehotel.com\/quartos-suites\/\",\"name\":\"Quartos & Suites - Castanheiro Boutique Hotel\",\"isPartOf\":{\"@id\":\"https:\/\/www.castanheiroboutiquehotel.com\/#website\"},\"primaryImageOfPage\":{\"@id\":\"https:\/\/www.castanheiroboutiquehotel.com\/quartos-suites\/#primaryimage\"},\"image\":{\"@id\":\"https:\/\/www.castanheiroboutiquehotel.com\/quartos-suites\/#primaryimage\"},\"thumbnailUrl\":\"https:\/\/www.castanheiroboutiquehotel.com\/wp-content\/uploads\/2016\/01\/castanheiro_quarto_azul_2.jpg\",\"datePublished\":\"2016-02-16T16:52:27+00:00\",\"dateModified\":\"2026-02-22T18:36:10+00:00\",\"breadcrumb\":{\"@id\":\"https:\/\/www.castanheiroboutiquehotel.com\/quartos-suites\/#breadcrumb\"},\"inLanguage\":\"pt-PT\",\"potentialAction\":[{\"@type\":\"ReadAction\",\"target\":[\"https:\/\/www.castanheiroboutiquehotel.com\/quartos-suites\/\"]}]},{\"@type\":\"ImageObject\",\"inLanguage\":\"pt-PT\",\"@id\":\"https:\/\/www.castanheiroboutiquehotel.com\/quartos-suites\/#primaryimage\",\"url\":\"https:\/\/www.castanheiroboutiquehotel.com\/wp-content\/uploads\/2016\/01\/castanheiro_quarto_azul_2.jpg\",\"contentUrl\":\"https:\/\/www.castanheiroboutiquehotel.com\/wp-content\/uploads\/2016\/01\/castanheiro_quarto_azul_2.jpg\",\"width\":1600,\"height\":1067},{\"@type\":\"BreadcrumbList\",\"@id\":\"https:\/\/www.castanheiroboutiquehotel.com\/quartos-suites\/#breadcrumb\",\"itemListElement\":[{\"@type\":\"ListItem\",\"position\":1,\"name\":\"Home\",\"item\":\"https:\/\/www.castanheiroboutiquehotel.com\/\"},{\"@type\":\"ListItem\",\"position\":2,\"name\":\"Rooms &#038; Suites\"}]},{\"@type\":\"WebSite\",\"@id\":\"https:\/\/www.castanheiroboutiquehotel.com\/#website\",\"url\":\"https:\/\/www.castanheiroboutiquehotel.com\/\",\"name\":\"Castanheiro Boutique Hotel\",\"description\":\"Uma experi\u00eancia \u00fanica num local singular\",\"publisher\":{\"@id\":\"https:\/\/www.castanheiroboutiquehotel.com\/#organization\"},\"potentialAction\":[{\"@type\":\"SearchAction\",\"target\":{\"@type\":\"EntryPoint\",\"urlTemplate\":\"https:\/\/www.castanheiroboutiquehotel.com\/?s={search_term_string}\"},\"query-input\":{\"@type\":\"PropertyValueSpecification\",\"valueRequired\":true,\"valueName\":\"search_term_string\"}}],\"inLanguage\":\"pt-PT\"},{\"@type\":\"Organization\",\"@id\":\"https:\/\/www.castanheiroboutiquehotel.com\/#organization\",\"name\":\"Castanheiro Boutique Hotel\",\"url\":\"https:\/\/www.castanheiroboutiquehotel.com\/\",\"logo\":{\"@type\":\"ImageObject\",\"inLanguage\":\"pt-PT\",\"@id\":\"https:\/\/www.castanheiroboutiquehotel.com\/#\/schema\/logo\/image\/\",\"url\":\"https:\/\/www.castanheiroboutiquehotel.com\/wp-content\/uploads\/2016\/02\/1_hotel_2.jpg\",\"contentUrl\":\"https:\/\/www.castanheiroboutiquehotel.com\/wp-content\/uploads\/2016\/02\/1_hotel_2.jpg\",\"width\":667,\"height\":667,\"caption\":\"Castanheiro Boutique Hotel\"},\"image\":{\"@id\":\"https:\/\/www.castanheiroboutiquehotel.com\/#\/schema\/logo\/image\/\"},\"sameAs\":[\"https:\/\/www.facebook.com\/castanheiroboutiquehotel\/\"]}]}<\/script>\n<!-- \/ Yoast SEO plugin. -->","yoast_head_json":{"title":"Quartos & Suites - Castanheiro Boutique Hotel","robots":{"index":"index","follow":"follow","max-snippet":"max-snippet:-1","max-image-preview":"max-image-preview:large","max-video-preview":"max-video-preview:-1"},"canonical":"https:\/\/www.castanheiroboutiquehotel.com\/quartos-suites\/","og_locale":"pt_PT","og_type":"article","og_title":"Quartos & Suites - Castanheiro Boutique Hotel","og_description":"[vc_row css=&#8221;.vc_custom_1455734513520{padding-top: 10% !important;}&#8221;][vc_column width=&#8221;1\/4&#8243;][vc_empty_space][\/vc_column][vc_column width=&#8221;3\/4&#8243;][vc_custom_heading source=&#8221;post_title&#8221; font_container=&#8221;tag:h1|text_align:left&#8221; use_theme_fonts=&#8221;yes&#8221;][vc_empty_space][vc_row_inner][vc_column_inner width=&#8221;2\/3&#8243;][vc_column_text]Decorados de acordo com a arquitetura dos diferentes pr\u00e9dios, o Castanheiro Boutique Hotel tem um total [...] Read more","og_url":"https:\/\/www.castanheiroboutiquehotel.com\/quartos-suites\/","og_site_name":"Castanheiro Boutique Hotel","article_publisher":"https:\/\/www.facebook.com\/castanheiroboutiquehotel\/","article_modified_time":"2026-02-22T18:36:10+00:00","og_image":[{"width":1600,"height":1067,"url":"https:\/\/www.castanheiroboutiquehotel.com\/wp-content\/uploads\/2016\/01\/castanheiro_quarto_azul_2.jpg","type":"image\/jpeg"}],"twitter_card":"summary_large_image","twitter_misc":{"Tempo estimado de leitura":"5 minutos"},"schema":{"@context":"https:\/\/schema.org","@graph":[{"@type":"WebPage","@id":"https:\/\/www.castanheiroboutiquehotel.com\/quartos-suites\/","url":"https:\/\/www.castanheiroboutiquehotel.com\/quartos-suites\/","name":"Quartos & Suites - Castanheiro Boutique Hotel","isPartOf":{"@id":"https:\/\/www.castanheiroboutiquehotel.com\/#website"},"primaryImageOfPage":{"@id":"https:\/\/www.castanheiroboutiquehotel.com\/quartos-suites\/#primaryimage"},"image":{"@id":"https:\/\/www.castanheiroboutiquehotel.com\/quartos-suites\/#primaryimage"},"thumbnailUrl":"https:\/\/www.castanheiroboutiquehotel.com\/wp-content\/uploads\/2016\/01\/castanheiro_quarto_azul_2.jpg","datePublished":"2016-02-16T16:52:27+00:00","dateModified":"2026-02-22T18:36:10+00:00","breadcrumb":{"@id":"https:\/\/www.castanheiroboutiquehotel.com\/quartos-suites\/#breadcrumb"},"inLanguage":"pt-PT","potentialAction":[{"@type":"ReadAction","target":["https:\/\/www.castanheiroboutiquehotel.com\/quartos-suites\/"]}]},{"@type":"ImageObject","inLanguage":"pt-PT","@id":"https:\/\/www.castanheiroboutiquehotel.com\/quartos-suites\/#primaryimage","url":"https:\/\/www.castanheiroboutiquehotel.com\/wp-content\/uploads\/2016\/01\/castanheiro_quarto_azul_2.jpg","contentUrl":"https:\/\/www.castanheiroboutiquehotel.com\/wp-content\/uploads\/2016\/01\/castanheiro_quarto_azul_2.jpg","width":1600,"height":1067},{"@type":"BreadcrumbList","@id":"https:\/\/www.castanheiroboutiquehotel.com\/quartos-suites\/#breadcrumb","itemListElement":[{"@type":"ListItem","position":1,"name":"Home","item":"https:\/\/www.castanheiroboutiquehotel.com\/"},{"@type":"ListItem","position":2,"name":"Rooms &#038; Suites"}]},{"@type":"WebSite","@id":"https:\/\/www.castanheiroboutiquehotel.com\/#website","url":"https:\/\/www.castanheiroboutiquehotel.com\/","name":"Castanheiro Boutique Hotel","description":"Uma experi\u00eancia \u00fanica num local singular","publisher":{"@id":"https:\/\/www.castanheiroboutiquehotel.com\/#organization"},"potentialAction":[{"@type":"SearchAction","target":{"@type":"EntryPoint","urlTemplate":"https:\/\/www.castanheiroboutiquehotel.com\/?s={search_term_string}"},"query-input":{"@type":"PropertyValueSpecification","valueRequired":true,"valueName":"search_term_string"}}],"inLanguage":"pt-PT"},{"@type":"Organization","@id":"https:\/\/www.castanheiroboutiquehotel.com\/#organization","name":"Castanheiro Boutique Hotel","url":"https:\/\/www.castanheiroboutiquehotel.com\/","logo":{"@type":"ImageObject","inLanguage":"pt-PT","@id":"https:\/\/www.castanheiroboutiquehotel.com\/#\/schema\/logo\/image\/","url":"https:\/\/www.castanheiroboutiquehotel.com\/wp-content\/uploads\/2016\/02\/1_hotel_2.jpg","contentUrl":"https:\/\/www.castanheiroboutiquehotel.com\/wp-content\/uploads\/2016\/02\/1_hotel_2.jpg","width":667,"height":667,"caption":"Castanheiro Boutique Hotel"},"image":{"@id":"https:\/\/www.castanheiroboutiquehotel.com\/#\/schema\/logo\/image\/"},"sameAs":["https:\/\/www.facebook.com\/castanheiroboutiquehotel\/"]}]}},"_links":{"self":[{"href":"https:\/\/www.castanheiroboutiquehotel.com\/pt\/wp-json\/wp\/v2\/pages\/345","targetHints":{"allow":["GET"]}}],"collection":[{"href":"https:\/\/www.castanheiroboutiquehotel.com\/pt\/wp-json\/wp\/v2\/pages"}],"about":[{"href":"https:\/\/www.castanheiroboutiquehotel.com\/pt\/wp-json\/wp\/v2\/types\/page"}],"author":[{"embeddable":true,"href":"https:\/\/www.castanheiroboutiquehotel.com\/pt\/wp-json\/wp\/v2\/users\/1"}],"replies":[{"embeddable":true,"href":"https:\/\/www.castanheiroboutiquehotel.com\/pt\/wp-json\/wp\/v2\/comments?post=345"}],"version-history":[{"count":25,"href":"https:\/\/www.castanheiroboutiquehotel.com\/pt\/wp-json\/wp\/v2\/pages\/345\/revisions"}],"predecessor-version":[{"id":1648,"href":"https:\/\/www.castanheiroboutiquehotel.com\/pt\/wp-json\/wp\/v2\/pages\/345\/revisions\/1648"}],"wp:featuredmedia":[{"embeddable":true,"href":"https:\/\/www.castanheiroboutiquehotel.com\/pt\/wp-json\/wp\/v2\/media\/125"}],"wp:attachment":[{"href":"https:\/\/www.castanheiroboutiquehotel.com\/pt\/wp-json\/wp\/v2\/media?parent=345"}],"curies":[{"name":"wp","href":"https:\/\/api.w.org\/{rel}","templated":true}]}}