{"id":14,"date":"2016-01-21T18:26:55","date_gmt":"2016-01-21T18:26:55","guid":{"rendered":"http:\/\/urbanistasdigitais.pt\/tests\/cbh\/?page_id=14"},"modified":"2016-04-04T23:22:21","modified_gmt":"2016-04-04T23:22:21","slug":"quartos-e-suites","status":"publish","type":"page","link":"https:\/\/www.castanheiroboutiquehotel.com\/pt\/quartos-e-suites\/","title":{"rendered":"Quartos e Suites"},"content":{"rendered":"<div class=\"wpb-content-wrapper\"><p>[vc_row full_height=&#8221;yes&#8221;][vc_column]<div class=\"avt_masterslider_el \" >\n\t\t<!-- MasterSlider -->\n\t\t<div id=\"P_MS69e1158851b23\" class=\"master-slider-parent ms-tabs-template ms-parent-id-14\" style=\"max-width:1140px;\"  >\n\n\t\t\t\n\t\t\t<!-- MasterSlider Main -->\n\t\t\t<div id=\"MS69e1158851b23\" class=\"master-slider ms-skin-default\" >\n\t\t\t\t \t\t\t\t \n\t\t\t<div  class=\"ms-slide\" data-delay=\"3\" data-fill-mode=\"fill\"   >\n\t\t\t\t\t<img decoding=\"async\" src=\"https:\/\/www.castanheiroboutiquehotel.com\/wp-content\/plugins\/masterslider\/public\/assets\/css\/blank.gif\" alt=\"\" title=\"castanheiro_quarto_azul_1\" data-src=\"https:\/\/www.castanheiroboutiquehotel.com\/wp-content\/uploads\/2016\/01\/castanheiro_quarto_banheira_2.jpg\" \/>\n\t<a href=\"\/quartos-suites\/\"     >castanheiro_quarto_azul_1<\/a>\n\n\t\t\t\t\t<div  class=\"ms-layer  msp-cn-3-1\" style=\"\"      data-ease=\"easeOutQuint\"                data-offset-x=\"0\" data-offset-y=\"0\" data-origin=\"bl\"   >\nCom uma \u00e1rea aproximada de 20m\u00b2 este tipo de quarto encontra-se por todo o hotel. <br \/>Tem uma capacidade m\u00e1xima de 2 pessoas, tendo na sua maioria um balc\u00e3o franc\u00eas.<\/div>\n\n\n\t<div class=\"ms-thumb\" ><div class=\"ms-tab-context\"><h3>Quarto Standard<\/h3><\/div>\n<\/div>\n\t\t\t\t<\/div>\n\t\t\t<div  class=\"ms-slide\" data-delay=\"3\" data-fill-mode=\"fill\"   >\n\t\t\t\t\t<img decoding=\"async\" src=\"https:\/\/www.castanheiroboutiquehotel.com\/wp-content\/plugins\/masterslider\/public\/assets\/css\/blank.gif\" alt=\"\" title=\"castanheiro_quarto_banheira_2\" data-src=\"https:\/\/www.castanheiroboutiquehotel.com\/wp-content\/uploads\/2018\/10\/castanheiro_foto_quarto_vistaeste_urbanistas.jpg\" \/>\n\t<a href=\"\/quartos-suites\/\"     >castanheiro_quarto_banheira_2<\/a>\n\n\t\t\t\t\t<div  class=\"ms-layer  msp-preset-7\" style=\"\"      data-ease=\"easeOutQuint\"                data-offset-x=\"0\" data-offset-y=\"0\" data-origin=\"bl\"   >\nSituados na parte central do hotel t\u00eam um balc\u00e3o mobilado\u00a0com vista p\u00e1tio ou cidade. <br \/>Tem uma capacidade m\u00e1xima de 2 pessoas.<\/div>\n\n\n\t<div class=\"ms-thumb\" ><div class=\"ms-tab-context\"><h3>Quarto Deluxe<\/h3><\/div>\n<\/div>\n\t\t\t\t<\/div>\n\t\t\t<div  class=\"ms-slide\" data-delay=\"3\" data-fill-mode=\"fill\"   >\n\t\t\t\t\t<img decoding=\"async\" src=\"https:\/\/www.castanheiroboutiquehotel.com\/wp-content\/plugins\/masterslider\/public\/assets\/css\/blank.gif\" alt=\"\" title=\"castanheiro_quarto_penthouse\" data-src=\"https:\/\/www.castanheiroboutiquehotel.com\/wp-content\/uploads\/2016\/01\/castanheiro_quarto_penthouse.jpg\" \/>\n\t<a href=\"\/quartos-suites\/\"     >castanheiro_quarto_penthouse<\/a>\n\n\t\t\t\t\t<div  class=\"ms-layer  msp-preset-7\" style=\"\"      data-ease=\"easeOutQuint\"                data-offset-x=\"0\" data-offset-y=\"0\" data-origin=\"bl\"   >\nQuarto Superior dotado de terra\u00e7o generoso, com mobili\u00e1rio para disfrutar do sol.<br \/>A ocupa\u00e7\u00e3o m\u00e1xima \u00e9 de dois adultos. Possui m\u00e1quina de caf\u00e9 e ch\u00e1.<\/div>\n\n\n\t<div class=\"ms-thumb\" ><div class=\"ms-tab-context\"><h3>Quarto Deluxe Premium<\/h3><\/div>\n<\/div>\n\t\t\t\t<\/div>\n\t\t\t<div  class=\"ms-slide\" data-delay=\"3\" data-fill-mode=\"fill\"   >\n\t\t\t\t\t<img decoding=\"async\" src=\"https:\/\/www.castanheiroboutiquehotel.com\/wp-content\/plugins\/masterslider\/public\/assets\/css\/blank.gif\" alt=\"\" title=\"castanheiro_quarto_knet\" data-src=\"https:\/\/www.castanheiroboutiquehotel.com\/wp-content\/uploads\/2016\/01\/castanheiro_quarto_azul_2.jpg\" \/>\n\t<a href=\"\/quartos-suites\/\"     >castanheiro_quarto_knet<\/a>\n\n\t\t\t\t\t<div  class=\"ms-layer  msp-preset-7\" style=\"\"      data-ease=\"easeOutQuint\"                data-offset-x=\"0\" data-offset-y=\"0\" data-origin=\"bl\"   >\nCom aproximadamente 30m\u00b2, estes quartos possuem uma sala completa cont\u00edgua \u00e0 zona de dormir. <br \/>T\u00eam capacidade para tr\u00eas adultos, ou dois adultos e uma crian\u00e7a e ainda op\u00e7\u00e3o com\u00a0balc\u00e3o mobilado.<\/div>\n\n\n\t<div class=\"ms-thumb\" ><div class=\"ms-tab-context\"><h3>Suite J\u00fanior<\/h3><\/div>\n<\/div>\n\t\t\t\t<\/div>\n\t\t\t<div  class=\"ms-slide\" data-delay=\"3\" data-fill-mode=\"fill\"   >\n\t\t\t\t\t<img decoding=\"async\" src=\"https:\/\/www.castanheiroboutiquehotel.com\/wp-content\/plugins\/masterslider\/public\/assets\/css\/blank.gif\" alt=\"\" title=\"castanheiro_quarto_verde\" data-src=\"https:\/\/www.castanheiroboutiquehotel.com\/wp-content\/uploads\/2016\/01\/castanheiro_quarto_verde.jpg\" \/>\n\t<a href=\"\/quartos-suites\/\"     >castanheiro_quarto_verde<\/a>\n\n\t\t\t\t\t<div  class=\"ms-layer  msp-preset-7\" style=\"\"      data-ease=\"easeOutQuint\"                data-offset-x=\"0\" data-offset-y=\"0\" data-origin=\"bl\"   >\nCom cerca de 35m\u00b2, possuem quarto de dormir e sala separada. <br \/>Podem acomodar tr\u00eas adultos ou dois adultos e duas crian\u00e7as.<br \/> Possuem ainda uma zona para prepara\u00e7\u00e3o de ch\u00e1 e caf\u00e9.<\/div>\n\n\n\t<div class=\"ms-thumb\" ><div class=\"ms-tab-context\"><h3>Suite<\/h3><\/div>\n<\/div>\n\t\t\t\t<\/div>\n\t\t\t<div  class=\"ms-slide\" data-delay=\"3\" data-fill-mode=\"fill\"   >\n\t\t\t\t\t<img decoding=\"async\" src=\"https:\/\/www.castanheiroboutiquehotel.com\/wp-content\/plugins\/masterslider\/public\/assets\/css\/blank.gif\" alt=\"\" title=\"castanheiro_quarto_verde\" data-src=\"https:\/\/www.castanheiroboutiquehotel.com\/wp-content\/uploads\/2016\/01\/castanheiro_quarto_knet.jpg\" \/>\n\t<a href=\"\/quartos-suites\/\"     >castanheiro_quarto_verde<\/a>\n\n\t\t\t\t\t<div  class=\"ms-layer  msp-preset-7\" style=\"\"      data-ease=\"easeOutQuint\"                data-offset-x=\"0\" data-offset-y=\"0\" data-origin=\"bl\"   >\nEstes quartos t\u00eam uma kitchenette completa e podem ser da tipologia Deluxe ou J\u00fanior Suite.<\/div>\n\n\n\t<div class=\"ms-thumb\" ><div class=\"ms-tab-context\"><h3>Studio<\/h3><\/div>\n<\/div>\n\t\t\t\t<\/div>\n\n\t\t\t<\/div>\n\t\t\t<!-- END MasterSlider Main -->\n\n\t\t\t \n\t\t<\/div>\n\t\t<!-- END MasterSlider -->\n\n\t\t<script>\n\t\t( window.MSReady = window.MSReady || [] ).push( function( $ ) {\n\n\t\t\t\"use strict\";\n\t\t\tvar masterslider_1b23 = new MasterSlider();\n\n\t\t\t\/\/ slider controls\n\t\t\tmasterslider_1b23.control('arrows'     ,{ autohide:true, overVideo:true  });\n\t\t\tmasterslider_1b23.control('thumblist'  ,{ autohide:false, overVideo:true, dir:'v', speed:17, inset:false, arrows:false, hover:false, customClass:'', align:'right',type:'tabs', margin:-12, width:229, height:100, space:0, fillMode:'fill' , hideUnder:550 });\n\t\t\tmasterslider_1b23.control('circletimer',{ autohide:false, overVideo:true, color:'#FFFFFF', radius:4, stroke:9   });\n\t\t\t\/\/ slider setup\n\t\t\tmasterslider_1b23.setup(\"MS69e1158851b23\", {\n\t\t\t\twidth           : 1140,\n\t\t\t\theight          : 800,\n\t\t\t\tminHeight       : 0,\n\t\t\t\tspace           : 0,\n\t\t\t\tstart           : 1,\n\t\t\t\tgrabCursor      : false,\n\t\t\t\tswipe           : true,\n\t\t\t\tmouse           : true,\n\t\t\t\tkeyboard        : true,\n\t\t\t\tlayout          : \"boxed\",\n\t\t\t\twheel           : false,\n\t\t\t\tautoplay        : true,\n                instantStartLayers:false,\n\t\t\t\tmobileBGVideo:false,\n\t\t\t\tloop            : true,\n\t\t\t\tshuffle         : false,\n\t\t\t\tpreload         : 0,\n\t\t\t\theightLimit     : true,\n\t\t\t\tautoHeight      : false,\n\t\t\t\tsmoothHeight    : true,\n\t\t\t\tendPause        : false,\n\t\t\t\toverPause       : true,\n\t\t\t\tfillMode        : \"fill\",\n\t\t\t\tcenterControls  : false,\n\t\t\t\tstartOnAppear   : false,\n\t\t\t\tlayersMode      : \"center\",\n\t\t\t\tautofillTarget  : \"\",\n\t\t\t\thideLayers      : false,\n\t\t\t\tfullscreenMargin: 0,\n\t\t\t\tspeed           : 20,\n\t\t\t\tdir             : \"h\",\n\t\t\t\tresponsive      : true,\n\t\t\t\ttabletWidth     : 768,\n\t\t\t\ttabletHeight    : null,\n\t\t\t\tphoneWidth      : 480,\n\t\t\t\tphoneHeight    : null,\n\t\t\t\tsizingReference : window,\n\t\t\t\tparallaxMode    : 'swipe',\n\t\t\t\tview            : \"basic\"\n\t\t\t});\n\n\t\t\t\n\t\t\t$(\"head\").append( \"<link rel='stylesheet' id='ms-fonts'  href='\/\/fonts.googleapis.com\/css?family=Lato:regular' type='text\/css' media='all' \/>\" );\n\n\t\t\twindow.masterslider_instances = window.masterslider_instances || [];\n\t\t\twindow.masterslider_instances.push( masterslider_1b23 );\n\t\t});\n\t\t<\/script>\n\n<\/div>[vc_empty_space][vc_row_inner][vc_column_inner width=&#8221;3\/4&#8243;][vc_column_text]Decorados de acordo com a arquitetura dos diferentes pr\u00e9dios, o Castanheiro Boutique Hotel tem um total de 81 quartos e suites, na maioria com balc\u00e3o e vistas para os p\u00e1tios interiores e cidade.[\/vc_column_text][\/vc_column_inner][vc_column_inner width=&#8221;1\/4&#8243;][vc_btn title=&#8221;Mais info&#8221; style=&#8221;flat&#8221; shape=&#8221;square&#8221; color=&#8221;white&#8221; align=&#8221;left&#8221; i_align=&#8221;right&#8221; i_icon_fontawesome=&#8221;fa fa-long-arrow-right&#8221; add_icon=&#8221;true&#8221; link=&#8221;url:http%3A%2F%2Fwww.castanheiroboutiquehotel.com%2Fquartos-suites%2F||&#8221; el_class=&#8221;mais_info&#8221; button_block=&#8221;true&#8221;][\/vc_column_inner][\/vc_row_inner][\/vc_column][\/vc_row]<\/p>\n<\/div>","protected":false},"excerpt":{"rendered":"<p>[vc_row full_height=&#8221;yes&#8221;][vc_column][vc_empty_space][vc_row_inner][vc_column_inner width=&#8221;3\/4&#8243;][vc_column_text]Decorados de acordo com a arquitetura dos diferentes pr\u00e9dios, o Castanheiro Boutique Hotel tem um total de 81 quartos e suites, na maioria [&#8230;] <br \/><a class=\"more-link\" href=\"https:\/\/www.castanheiroboutiquehotel.com\/pt\/quartos-e-suites\/\" rel=\"nofollow\">Read more<\/a><\/p>\n","protected":false},"author":1,"featured_media":127,"parent":0,"menu_order":0,"comment_status":"closed","ping_status":"closed","template":"","meta":{"_genesis_hide_title":false,"_genesis_hide_breadcrumbs":false,"_genesis_hide_singular_image":false,"_genesis_hide_footer_widgets":false,"_genesis_custom_body_class":"","_genesis_custom_post_class":"","_genesis_layout":"","footnotes":""},"class_list":{"0":"post-14","1":"page","2":"type-page","3":"status-publish","4":"has-post-thumbnail","6":"entry","7":"override"},"yoast_head":"<!-- This site is optimized with the Yoast SEO plugin v26.9 - https:\/\/yoast.com\/product\/yoast-seo-wordpress\/ -->\n<title>Quartos e Suites - Castanheiro Boutique Hotel<\/title>\n<meta name=\"robots\" content=\"index, follow, max-snippet:-1, max-image-preview:large, max-video-preview:-1\" \/>\n<link rel=\"canonical\" href=\"https:\/\/www.castanheiroboutiquehotel.com\/quartos-e-suites\/\" \/>\n<meta property=\"og:locale\" content=\"pt_PT\" \/>\n<meta property=\"og:type\" content=\"article\" \/>\n<meta property=\"og:title\" content=\"Quartos e Suites - Castanheiro Boutique Hotel\" \/>\n<meta property=\"og:description\" content=\"[vc_row full_height=&#8221;yes&#8221;][vc_column][vc_empty_space][vc_row_inner][vc_column_inner width=&#8221;3\/4&#8243;][vc_column_text]Decorados de acordo com a arquitetura dos diferentes pr\u00e9dios, o Castanheiro Boutique Hotel tem um total de 81 quartos e suites, na maioria [...] Read more\" \/>\n<meta property=\"og:url\" content=\"https:\/\/www.castanheiroboutiquehotel.com\/quartos-e-suites\/\" \/>\n<meta property=\"og:site_name\" content=\"Castanheiro Boutique Hotel\" \/>\n<meta property=\"article:publisher\" content=\"https:\/\/www.facebook.com\/castanheiroboutiquehotel\/\" \/>\n<meta property=\"article:modified_time\" content=\"2016-04-04T23:22:21+00:00\" \/>\n<meta property=\"og:image\" content=\"https:\/\/www.castanheiroboutiquehotel.com\/wp-content\/uploads\/2016\/01\/castanheiro_quarto_banheira_2.jpg\" \/>\n\t<meta property=\"og:image:width\" content=\"1600\" \/>\n\t<meta property=\"og:image:height\" content=\"1067\" \/>\n\t<meta property=\"og:image:type\" content=\"image\/jpeg\" \/>\n<meta name=\"twitter:card\" content=\"summary_large_image\" \/>\n<meta name=\"twitter:label1\" content=\"Tempo estimado de leitura\" \/>\n\t<meta name=\"twitter:data1\" content=\"1 minuto\" \/>\n<script type=\"application\/ld+json\" class=\"yoast-schema-graph\">{\"@context\":\"https:\/\/schema.org\",\"@graph\":[{\"@type\":\"WebPage\",\"@id\":\"https:\/\/www.castanheiroboutiquehotel.com\/quartos-e-suites\/\",\"url\":\"https:\/\/www.castanheiroboutiquehotel.com\/quartos-e-suites\/\",\"name\":\"Quartos e Suites - Castanheiro Boutique Hotel\",\"isPartOf\":{\"@id\":\"https:\/\/www.castanheiroboutiquehotel.com\/#website\"},\"primaryImageOfPage\":{\"@id\":\"https:\/\/www.castanheiroboutiquehotel.com\/quartos-e-suites\/#primaryimage\"},\"image\":{\"@id\":\"https:\/\/www.castanheiroboutiquehotel.com\/quartos-e-suites\/#primaryimage\"},\"thumbnailUrl\":\"https:\/\/www.castanheiroboutiquehotel.com\/wp-content\/uploads\/2016\/01\/castanheiro_quarto_banheira_2.jpg\",\"datePublished\":\"2016-01-21T18:26:55+00:00\",\"dateModified\":\"2016-04-04T23:22:21+00:00\",\"breadcrumb\":{\"@id\":\"https:\/\/www.castanheiroboutiquehotel.com\/quartos-e-suites\/#breadcrumb\"},\"inLanguage\":\"pt-PT\",\"potentialAction\":[{\"@type\":\"ReadAction\",\"target\":[\"https:\/\/www.castanheiroboutiquehotel.com\/quartos-e-suites\/\"]}]},{\"@type\":\"ImageObject\",\"inLanguage\":\"pt-PT\",\"@id\":\"https:\/\/www.castanheiroboutiquehotel.com\/quartos-e-suites\/#primaryimage\",\"url\":\"https:\/\/www.castanheiroboutiquehotel.com\/wp-content\/uploads\/2016\/01\/castanheiro_quarto_banheira_2.jpg\",\"contentUrl\":\"https:\/\/www.castanheiroboutiquehotel.com\/wp-content\/uploads\/2016\/01\/castanheiro_quarto_banheira_2.jpg\",\"width\":1600,\"height\":1067},{\"@type\":\"BreadcrumbList\",\"@id\":\"https:\/\/www.castanheiroboutiquehotel.com\/quartos-e-suites\/#breadcrumb\",\"itemListElement\":[{\"@type\":\"ListItem\",\"position\":1,\"name\":\"Home\",\"item\":\"https:\/\/www.castanheiroboutiquehotel.com\/\"},{\"@type\":\"ListItem\",\"position\":2,\"name\":\"Quartos e Suites\"}]},{\"@type\":\"WebSite\",\"@id\":\"https:\/\/www.castanheiroboutiquehotel.com\/#website\",\"url\":\"https:\/\/www.castanheiroboutiquehotel.com\/\",\"name\":\"Castanheiro Boutique Hotel\",\"description\":\"Uma experi\u00eancia \u00fanica num local singular\",\"publisher\":{\"@id\":\"https:\/\/www.castanheiroboutiquehotel.com\/#organization\"},\"potentialAction\":[{\"@type\":\"SearchAction\",\"target\":{\"@type\":\"EntryPoint\",\"urlTemplate\":\"https:\/\/www.castanheiroboutiquehotel.com\/?s={search_term_string}\"},\"query-input\":{\"@type\":\"PropertyValueSpecification\",\"valueRequired\":true,\"valueName\":\"search_term_string\"}}],\"inLanguage\":\"pt-PT\"},{\"@type\":\"Organization\",\"@id\":\"https:\/\/www.castanheiroboutiquehotel.com\/#organization\",\"name\":\"Castanheiro Boutique Hotel\",\"url\":\"https:\/\/www.castanheiroboutiquehotel.com\/\",\"logo\":{\"@type\":\"ImageObject\",\"inLanguage\":\"pt-PT\",\"@id\":\"https:\/\/www.castanheiroboutiquehotel.com\/#\/schema\/logo\/image\/\",\"url\":\"https:\/\/www.castanheiroboutiquehotel.com\/wp-content\/uploads\/2016\/02\/1_hotel_2.jpg\",\"contentUrl\":\"https:\/\/www.castanheiroboutiquehotel.com\/wp-content\/uploads\/2016\/02\/1_hotel_2.jpg\",\"width\":667,\"height\":667,\"caption\":\"Castanheiro Boutique Hotel\"},\"image\":{\"@id\":\"https:\/\/www.castanheiroboutiquehotel.com\/#\/schema\/logo\/image\/\"},\"sameAs\":[\"https:\/\/www.facebook.com\/castanheiroboutiquehotel\/\"]}]}<\/script>\n<!-- \/ Yoast SEO plugin. -->","yoast_head_json":{"title":"Quartos e Suites - Castanheiro Boutique Hotel","robots":{"index":"index","follow":"follow","max-snippet":"max-snippet:-1","max-image-preview":"max-image-preview:large","max-video-preview":"max-video-preview:-1"},"canonical":"https:\/\/www.castanheiroboutiquehotel.com\/quartos-e-suites\/","og_locale":"pt_PT","og_type":"article","og_title":"Quartos e Suites - Castanheiro Boutique Hotel","og_description":"[vc_row full_height=&#8221;yes&#8221;][vc_column][vc_empty_space][vc_row_inner][vc_column_inner width=&#8221;3\/4&#8243;][vc_column_text]Decorados de acordo com a arquitetura dos diferentes pr\u00e9dios, o Castanheiro Boutique Hotel tem um total de 81 quartos e suites, na maioria [...] Read more","og_url":"https:\/\/www.castanheiroboutiquehotel.com\/quartos-e-suites\/","og_site_name":"Castanheiro Boutique Hotel","article_publisher":"https:\/\/www.facebook.com\/castanheiroboutiquehotel\/","article_modified_time":"2016-04-04T23:22:21+00:00","og_image":[{"width":1600,"height":1067,"url":"https:\/\/www.castanheiroboutiquehotel.com\/wp-content\/uploads\/2016\/01\/castanheiro_quarto_banheira_2.jpg","type":"image\/jpeg"}],"twitter_card":"summary_large_image","twitter_misc":{"Tempo estimado de leitura":"1 minuto"},"schema":{"@context":"https:\/\/schema.org","@graph":[{"@type":"WebPage","@id":"https:\/\/www.castanheiroboutiquehotel.com\/quartos-e-suites\/","url":"https:\/\/www.castanheiroboutiquehotel.com\/quartos-e-suites\/","name":"Quartos e Suites - Castanheiro Boutique Hotel","isPartOf":{"@id":"https:\/\/www.castanheiroboutiquehotel.com\/#website"},"primaryImageOfPage":{"@id":"https:\/\/www.castanheiroboutiquehotel.com\/quartos-e-suites\/#primaryimage"},"image":{"@id":"https:\/\/www.castanheiroboutiquehotel.com\/quartos-e-suites\/#primaryimage"},"thumbnailUrl":"https:\/\/www.castanheiroboutiquehotel.com\/wp-content\/uploads\/2016\/01\/castanheiro_quarto_banheira_2.jpg","datePublished":"2016-01-21T18:26:55+00:00","dateModified":"2016-04-04T23:22:21+00:00","breadcrumb":{"@id":"https:\/\/www.castanheiroboutiquehotel.com\/quartos-e-suites\/#breadcrumb"},"inLanguage":"pt-PT","potentialAction":[{"@type":"ReadAction","target":["https:\/\/www.castanheiroboutiquehotel.com\/quartos-e-suites\/"]}]},{"@type":"ImageObject","inLanguage":"pt-PT","@id":"https:\/\/www.castanheiroboutiquehotel.com\/quartos-e-suites\/#primaryimage","url":"https:\/\/www.castanheiroboutiquehotel.com\/wp-content\/uploads\/2016\/01\/castanheiro_quarto_banheira_2.jpg","contentUrl":"https:\/\/www.castanheiroboutiquehotel.com\/wp-content\/uploads\/2016\/01\/castanheiro_quarto_banheira_2.jpg","width":1600,"height":1067},{"@type":"BreadcrumbList","@id":"https:\/\/www.castanheiroboutiquehotel.com\/quartos-e-suites\/#breadcrumb","itemListElement":[{"@type":"ListItem","position":1,"name":"Home","item":"https:\/\/www.castanheiroboutiquehotel.com\/"},{"@type":"ListItem","position":2,"name":"Quartos e Suites"}]},{"@type":"WebSite","@id":"https:\/\/www.castanheiroboutiquehotel.com\/#website","url":"https:\/\/www.castanheiroboutiquehotel.com\/","name":"Castanheiro Boutique Hotel","description":"Uma experi\u00eancia \u00fanica num local singular","publisher":{"@id":"https:\/\/www.castanheiroboutiquehotel.com\/#organization"},"potentialAction":[{"@type":"SearchAction","target":{"@type":"EntryPoint","urlTemplate":"https:\/\/www.castanheiroboutiquehotel.com\/?s={search_term_string}"},"query-input":{"@type":"PropertyValueSpecification","valueRequired":true,"valueName":"search_term_string"}}],"inLanguage":"pt-PT"},{"@type":"Organization","@id":"https:\/\/www.castanheiroboutiquehotel.com\/#organization","name":"Castanheiro Boutique Hotel","url":"https:\/\/www.castanheiroboutiquehotel.com\/","logo":{"@type":"ImageObject","inLanguage":"pt-PT","@id":"https:\/\/www.castanheiroboutiquehotel.com\/#\/schema\/logo\/image\/","url":"https:\/\/www.castanheiroboutiquehotel.com\/wp-content\/uploads\/2016\/02\/1_hotel_2.jpg","contentUrl":"https:\/\/www.castanheiroboutiquehotel.com\/wp-content\/uploads\/2016\/02\/1_hotel_2.jpg","width":667,"height":667,"caption":"Castanheiro Boutique Hotel"},"image":{"@id":"https:\/\/www.castanheiroboutiquehotel.com\/#\/schema\/logo\/image\/"},"sameAs":["https:\/\/www.facebook.com\/castanheiroboutiquehotel\/"]}]}},"_links":{"self":[{"href":"https:\/\/www.castanheiroboutiquehotel.com\/pt\/wp-json\/wp\/v2\/pages\/14","targetHints":{"allow":["GET"]}}],"collection":[{"href":"https:\/\/www.castanheiroboutiquehotel.com\/pt\/wp-json\/wp\/v2\/pages"}],"about":[{"href":"https:\/\/www.castanheiroboutiquehotel.com\/pt\/wp-json\/wp\/v2\/types\/page"}],"author":[{"embeddable":true,"href":"https:\/\/www.castanheiroboutiquehotel.com\/pt\/wp-json\/wp\/v2\/users\/1"}],"replies":[{"embeddable":true,"href":"https:\/\/www.castanheiroboutiquehotel.com\/pt\/wp-json\/wp\/v2\/comments?post=14"}],"version-history":[{"count":2,"href":"https:\/\/www.castanheiroboutiquehotel.com\/pt\/wp-json\/wp\/v2\/pages\/14\/revisions"}],"predecessor-version":[{"id":1280,"href":"https:\/\/www.castanheiroboutiquehotel.com\/pt\/wp-json\/wp\/v2\/pages\/14\/revisions\/1280"}],"wp:featuredmedia":[{"embeddable":true,"href":"https:\/\/www.castanheiroboutiquehotel.com\/pt\/wp-json\/wp\/v2\/media\/127"}],"wp:attachment":[{"href":"https:\/\/www.castanheiroboutiquehotel.com\/pt\/wp-json\/wp\/v2\/media?parent=14"}],"curies":[{"name":"wp","href":"https:\/\/api.w.org\/{rel}","templated":true}]}}