{"id":12,"date":"2016-01-21T18:26:26","date_gmt":"2016-01-21T18:26:26","guid":{"rendered":"http:\/\/urbanistasdigitais.pt\/tests\/cbh\/?page_id=12"},"modified":"2025-09-04T12:44:20","modified_gmt":"2025-09-04T12:44:20","slug":"contactos","status":"publish","type":"page","link":"https:\/\/www.castanheiroboutiquehotel.com\/pt\/contactos\/","title":{"rendered":"Contactos"},"content":{"rendered":"<div class=\"wpb-content-wrapper\"><p>[vc_row full_height=&#8221;yes&#8221;][vc_column width=&#8221;1\/2&#8243; el_class=&#8221;contactos_col&#8221;][vc_row_inner][vc_column_inner]<i class=\"fa pull-left fa-3x fa-location-arrow faa- animated \" style=\"color:#ffffff;\"><\/i>\n                Rua do Castanheiro n\u00ba 31,<br \/>\n9000-081 Funchal &#8211; Madeira, Portugal[vc_empty_space height=&#8221;50px&#8221;][\/vc_column_inner][\/vc_row_inner][vc_row_inner][vc_column_inner]<i class=\"fa pull-left fa-3x fa-phone faa-wrench animated \" style=\"color:#ffffff;\"><\/i>\n                + 351 291 200 100 (Chamada para rede fixa nacional)<br \/>\n[vc_empty_space height=&#8221;50px&#8221;][\/vc_column_inner][\/vc_row_inner][vc_row_inner][vc_column_inner]<i class=\"fa pull-left fa-2x fa-envelope faa- animated \" style=\"color:#ffffff;\"><\/i>\n                <a href=\"mailto:info@castanheiroboutiquehotel.com\">info@castanheiroboutiquehotel.com<\/a><br \/>\n[vc_empty_space height=&#8221;80px&#8221;][\/vc_column_inner][\/vc_row_inner][vc_row_inner][vc_column_inner width=&#8221;1\/2&#8243;][vc_column_text]<!-- Widget Shortcode --><div id=\"simple-social-icons-2\" class=\"widget simple-social-icons widget-shortcode area-arbitrary \"><ul class=\"alignleft\"><li class=\"ssi-facebook\"><a href=\"https:\/\/www.facebook.com\/castanheiroboutiquehotel\/\" target=\"_blank\" rel=\"noopener noreferrer\"><svg role=\"img\" class=\"social-facebook\" aria-labelledby=\"social-facebook--1\"><title id=\"social-facebook--1\">Facebook<\/title><use xlink:href=\"https:\/\/www.castanheiroboutiquehotel.com\/wp-content\/plugins\/simple-social-icons\/symbol-defs.svg#social-facebook\"><\/use><\/svg><\/a><\/li><li class=\"ssi-instagram\"><a href=\"https:\/\/www.instagram.com\/castanheiro_boutique_hotel\/\" target=\"_blank\" rel=\"noopener noreferrer\"><svg role=\"img\" class=\"social-instagram\" aria-labelledby=\"social-instagram--1\"><title id=\"social-instagram--1\">Instagram<\/title><use xlink:href=\"https:\/\/www.castanheiroboutiquehotel.com\/wp-content\/plugins\/simple-social-icons\/symbol-defs.svg#social-instagram\"><\/use><\/svg><\/a><\/li><\/ul><\/div><!-- \/Widget Shortcode -->[\/vc_column_text][\/vc_column_inner][vc_column_inner width=&#8221;1\/2&#8243;][vc_column_text css=&#8221;&#8221;]<a href=\"https:\/\/www.castanheiroboutiquehotel.com\/wp-content\/uploads\/2025\/09\/castanheiro_upskill.pdf\" target=\"_blank\" rel=\"noopener noreferrer\">Projeto Upskill Forma\u00e7\u00e3o Empresarial<\/a><br \/>\n<a href=\"https:\/\/www.castanheiroboutiquehotel.com\/ficha_projeto_adaptar_ram.pdf\" target=\"_blank\" rel=\"noopener noreferrer\">Projeto Adaptar RAM<\/a><br \/>\n<a href=\"https:\/\/www.castanheiroboutiquehotel.com\/wp-content\/uploads\/2022\/12\/doc_canal_denuncia.pdf\" target=\"_blank\" rel=\"noopener noreferrer\">Canal de Den\u00fancia<\/a><br \/>\n<a href=\"https:\/\/www.livroreclamacoes.pt\/inicio\" target=\"_blank\" rel=\"noopener noreferrer\">Complaint Book<\/a>[\/vc_column_text][\/vc_column_inner][\/vc_row_inner][vc_row_inner][vc_column_inner width=&#8221;1\/2&#8243;][vc_column_text]<\/p>\n<div id=\"TA_cdsratingsonlynarrow664\" class=\"TA_cdsratingsonlynarrow\">\n<ul id=\"i8plWALq3FF\" class=\"TA_links bWqaxt01P\">\n<li id=\"VAGCmEXYRS\" class=\"A9zv5TxYNBn\"><a href=\"https:\/\/www.tripadvisor.com\/\" target=\"_blank\" rel=\"noopener noreferrer\"><img decoding=\"async\" src=\"https:\/\/www.tripadvisor.com\/img\/cdsi\/img2\/branding\/tripadvisor_logo_transp_340x80-18034-2.png\" alt=\"TripAdvisor\" \/><\/a><\/li>\n<\/ul>\n<\/div>\n<p><script src=\"https:\/\/www.jscache.com\/wejs?wtype=cdsratingsonlynarrow&amp;uniq=664&amp;locationId=8841039&amp;lang=en_US&amp;border=true&amp;display_version=2\"><\/script>[\/vc_column_text][\/vc_column_inner][vc_column_inner width=&#8221;1\/2&#8243;][vc_single_image image=&#8221;1284&#8243; img_size=&#8221;medium&#8221;][\/vc_column_inner][\/vc_row_inner][vc_empty_space][\/vc_column][vc_column width=&#8221;1\/2&#8243; el_class=&#8221;form&#8221;]\n<div class=\"wpcf7 no-js\" id=\"wpcf7-f833-o2\" lang=\"en-US\" dir=\"ltr\" data-wpcf7-id=\"833\">\n<div class=\"screen-reader-response\"><p role=\"status\" aria-live=\"polite\" aria-atomic=\"true\"><\/p> <ul><\/ul><\/div>\n<form action=\"\/pt\/wp-json\/wp\/v2\/pages\/12#wpcf7-f833-o2\" method=\"post\" class=\"wpcf7-form init\" aria-label=\"Contact form\" novalidate=\"novalidate\" data-status=\"init\">\n<fieldset class=\"hidden-fields-container\"><input type=\"hidden\" name=\"_wpcf7\" value=\"833\" \/><input type=\"hidden\" name=\"_wpcf7_version\" value=\"6.1.5\" \/><input type=\"hidden\" name=\"_wpcf7_locale\" value=\"en_US\" \/><input type=\"hidden\" name=\"_wpcf7_unit_tag\" value=\"wpcf7-f833-o2\" \/><input type=\"hidden\" name=\"_wpcf7_container_post\" value=\"0\" \/><input type=\"hidden\" name=\"_wpcf7_posted_data_hash\" value=\"\" \/><input type=\"hidden\" name=\"_wpcf7_recaptcha_response\" value=\"\" \/>\n<\/fieldset>\n<p>Nome *\n<\/p>\n<p><span class=\"wpcf7-form-control-wrap\" data-name=\"your-name\"><input size=\"40\" maxlength=\"400\" class=\"wpcf7-form-control wpcf7-text wpcf7-validates-as-required\" aria-required=\"true\" aria-invalid=\"false\" value=\"\" type=\"text\" name=\"your-name\" \/><\/span>\n<\/p>\n<p>E-mail *\n<\/p>\n<p><span class=\"wpcf7-form-control-wrap\" data-name=\"your-email\"><input size=\"40\" maxlength=\"400\" class=\"wpcf7-form-control wpcf7-email wpcf7-validates-as-required wpcf7-text wpcf7-validates-as-email\" aria-required=\"true\" aria-invalid=\"false\" value=\"\" type=\"email\" name=\"your-email\" \/><\/span>\n<\/p>\n<p>Assunto\n<\/p>\n<p><span class=\"wpcf7-form-control-wrap\" data-name=\"your-subject\"><input size=\"40\" maxlength=\"400\" class=\"wpcf7-form-control wpcf7-text\" aria-invalid=\"false\" value=\"\" type=\"text\" name=\"your-subject\" \/><\/span>\n<\/p>\n<p>Mensagem\n<\/p>\n<p><span class=\"wpcf7-form-control-wrap\" data-name=\"your-message\"><textarea cols=\"40\" rows=\"10\" maxlength=\"2000\" class=\"wpcf7-form-control wpcf7-textarea\" aria-invalid=\"false\" name=\"your-message\"><\/textarea><\/span>\n<\/p>\n\n<p><input class=\"wpcf7-form-control wpcf7-submit has-spinner\" type=\"submit\" value=\"Enviar\" \/>\n<\/p><div class=\"wpcf7-response-output\" aria-hidden=\"true\"><\/div>\n<\/form>\n<\/div>\n[\/vc_column][\/vc_row]<\/p>\n<\/div>","protected":false},"excerpt":{"rendered":"<p>[vc_row full_height=&#8221;yes&#8221;][vc_column width=&#8221;1\/2&#8243; el_class=&#8221;contactos_col&#8221;][vc_row_inner][vc_column_inner][vc_empty_space height=&#8221;50px&#8221;][\/vc_column_inner][\/vc_row_inner][vc_row_inner][vc_column_inner][vc_empty_space height=&#8221;50px&#8221;][\/vc_column_inner][\/vc_row_inner][vc_row_inner][vc_column_inner][vc_empty_space height=&#8221;80px&#8221;][\/vc_column_inner][\/vc_row_inner][vc_row_inner][vc_column_inner width=&#8221;1\/2&#8243;][vc_column_text][\/vc_column_text][\/vc_column_inner][vc_column_inner width=&#8221;1\/2&#8243;][vc_column_text css=&#8221;&#8221;]Projeto Upskill Forma\u00e7\u00e3o Empresarial Projeto Adaptar RAM Canal de Den\u00fancia Complaint Book[\/vc_column_text][\/vc_column_inner][\/vc_row_inner][vc_row_inner][vc_column_inner width=&#8221;1\/2&#8243;][vc_column_text] [\/vc_column_text][\/vc_column_inner][vc_column_inner width=&#8221;1\/2&#8243;][vc_single_image image=&#8221;1284&#8243; [&#8230;] <br \/><a class=\"more-link\" href=\"https:\/\/www.castanheiroboutiquehotel.com\/pt\/contactos\/\" rel=\"nofollow\">Read more<\/a><\/p>\n","protected":false},"author":1,"featured_media":37,"parent":0,"menu_order":0,"comment_status":"closed","ping_status":"closed","template":"","meta":{"_genesis_hide_title":false,"_genesis_hide_breadcrumbs":false,"_genesis_hide_singular_image":false,"_genesis_hide_footer_widgets":false,"_genesis_custom_body_class":"","_genesis_custom_post_class":"","_genesis_layout":"","footnotes":""},"class_list":{"0":"post-12","1":"page","2":"type-page","3":"status-publish","4":"has-post-thumbnail","6":"entry","7":"override"},"yoast_head":"<!-- This site is optimized with the Yoast SEO plugin v26.9 - https:\/\/yoast.com\/product\/yoast-seo-wordpress\/ -->\n<title>Contactos - Castanheiro Boutique Hotel<\/title>\n<meta name=\"robots\" content=\"index, follow, max-snippet:-1, max-image-preview:large, max-video-preview:-1\" \/>\n<link rel=\"canonical\" href=\"https:\/\/www.castanheiroboutiquehotel.com\/contactos\/\" \/>\n<meta property=\"og:locale\" content=\"pt_PT\" \/>\n<meta property=\"og:type\" content=\"article\" \/>\n<meta property=\"og:title\" content=\"Contactos - Castanheiro Boutique Hotel\" \/>\n<meta property=\"og:description\" content=\"[vc_row full_height=&#8221;yes&#8221;][vc_column width=&#8221;1\/2&#8243; el_class=&#8221;contactos_col&#8221;][vc_row_inner][vc_column_inner][vc_empty_space height=&#8221;50px&#8221;][\/vc_column_inner][\/vc_row_inner][vc_row_inner][vc_column_inner][vc_empty_space height=&#8221;50px&#8221;][\/vc_column_inner][\/vc_row_inner][vc_row_inner][vc_column_inner][vc_empty_space height=&#8221;80px&#8221;][\/vc_column_inner][\/vc_row_inner][vc_row_inner][vc_column_inner width=&#8221;1\/2&#8243;][vc_column_text][\/vc_column_text][\/vc_column_inner][vc_column_inner width=&#8221;1\/2&#8243;][vc_column_text css=&#8221;&#8221;]Projeto Upskill Forma\u00e7\u00e3o Empresarial Projeto Adaptar RAM Canal de Den\u00fancia Complaint Book[\/vc_column_text][\/vc_column_inner][\/vc_row_inner][vc_row_inner][vc_column_inner width=&#8221;1\/2&#8243;][vc_column_text] [\/vc_column_text][\/vc_column_inner][vc_column_inner width=&#8221;1\/2&#8243;][vc_single_image image=&#8221;1284&#8243; [...] Read more\" \/>\n<meta property=\"og:url\" content=\"https:\/\/www.castanheiroboutiquehotel.com\/contactos\/\" \/>\n<meta property=\"og:site_name\" content=\"Castanheiro Boutique Hotel\" \/>\n<meta property=\"article:publisher\" content=\"https:\/\/www.facebook.com\/castanheiroboutiquehotel\/\" \/>\n<meta property=\"article:modified_time\" content=\"2025-09-04T12:44:20+00:00\" \/>\n<meta property=\"og:image\" content=\"https:\/\/www.castanheiroboutiquehotel.com\/wp-content\/uploads\/2016\/01\/castanheiro_recec\u0327a\u0303o.jpg\" \/>\n\t<meta property=\"og:image:width\" content=\"1600\" \/>\n\t<meta property=\"og:image:height\" content=\"1067\" \/>\n\t<meta property=\"og:image:type\" content=\"image\/jpeg\" \/>\n<meta name=\"twitter:card\" content=\"summary_large_image\" \/>\n<meta name=\"twitter:label1\" content=\"Tempo estimado de leitura\" \/>\n\t<meta name=\"twitter:data1\" content=\"2 minutos\" \/>\n<script type=\"application\/ld+json\" class=\"yoast-schema-graph\">{\"@context\":\"https:\/\/schema.org\",\"@graph\":[{\"@type\":\"WebPage\",\"@id\":\"https:\/\/www.castanheiroboutiquehotel.com\/contactos\/\",\"url\":\"https:\/\/www.castanheiroboutiquehotel.com\/contactos\/\",\"name\":\"Contactos - Castanheiro Boutique Hotel\",\"isPartOf\":{\"@id\":\"https:\/\/www.castanheiroboutiquehotel.com\/#website\"},\"primaryImageOfPage\":{\"@id\":\"https:\/\/www.castanheiroboutiquehotel.com\/contactos\/#primaryimage\"},\"image\":{\"@id\":\"https:\/\/www.castanheiroboutiquehotel.com\/contactos\/#primaryimage\"},\"thumbnailUrl\":\"https:\/\/www.castanheiroboutiquehotel.com\/wp-content\/uploads\/2016\/01\/castanheiro_recec\u0327a\u0303o.jpg\",\"datePublished\":\"2016-01-21T18:26:26+00:00\",\"dateModified\":\"2025-09-04T12:44:20+00:00\",\"breadcrumb\":{\"@id\":\"https:\/\/www.castanheiroboutiquehotel.com\/contactos\/#breadcrumb\"},\"inLanguage\":\"pt-PT\",\"potentialAction\":[{\"@type\":\"ReadAction\",\"target\":[\"https:\/\/www.castanheiroboutiquehotel.com\/contactos\/\"]}]},{\"@type\":\"ImageObject\",\"inLanguage\":\"pt-PT\",\"@id\":\"https:\/\/www.castanheiroboutiquehotel.com\/contactos\/#primaryimage\",\"url\":\"https:\/\/www.castanheiroboutiquehotel.com\/wp-content\/uploads\/2016\/01\/castanheiro_recec\u0327a\u0303o.jpg\",\"contentUrl\":\"https:\/\/www.castanheiroboutiquehotel.com\/wp-content\/uploads\/2016\/01\/castanheiro_recec\u0327a\u0303o.jpg\",\"width\":1600,\"height\":1067},{\"@type\":\"BreadcrumbList\",\"@id\":\"https:\/\/www.castanheiroboutiquehotel.com\/contactos\/#breadcrumb\",\"itemListElement\":[{\"@type\":\"ListItem\",\"position\":1,\"name\":\"Home\",\"item\":\"https:\/\/www.castanheiroboutiquehotel.com\/\"},{\"@type\":\"ListItem\",\"position\":2,\"name\":\"Contactos\"}]},{\"@type\":\"WebSite\",\"@id\":\"https:\/\/www.castanheiroboutiquehotel.com\/#website\",\"url\":\"https:\/\/www.castanheiroboutiquehotel.com\/\",\"name\":\"Castanheiro Boutique Hotel\",\"description\":\"Uma experi\u00eancia \u00fanica num local singular\",\"publisher\":{\"@id\":\"https:\/\/www.castanheiroboutiquehotel.com\/#organization\"},\"potentialAction\":[{\"@type\":\"SearchAction\",\"target\":{\"@type\":\"EntryPoint\",\"urlTemplate\":\"https:\/\/www.castanheiroboutiquehotel.com\/?s={search_term_string}\"},\"query-input\":{\"@type\":\"PropertyValueSpecification\",\"valueRequired\":true,\"valueName\":\"search_term_string\"}}],\"inLanguage\":\"pt-PT\"},{\"@type\":\"Organization\",\"@id\":\"https:\/\/www.castanheiroboutiquehotel.com\/#organization\",\"name\":\"Castanheiro Boutique Hotel\",\"url\":\"https:\/\/www.castanheiroboutiquehotel.com\/\",\"logo\":{\"@type\":\"ImageObject\",\"inLanguage\":\"pt-PT\",\"@id\":\"https:\/\/www.castanheiroboutiquehotel.com\/#\/schema\/logo\/image\/\",\"url\":\"https:\/\/www.castanheiroboutiquehotel.com\/wp-content\/uploads\/2016\/02\/1_hotel_2.jpg\",\"contentUrl\":\"https:\/\/www.castanheiroboutiquehotel.com\/wp-content\/uploads\/2016\/02\/1_hotel_2.jpg\",\"width\":667,\"height\":667,\"caption\":\"Castanheiro Boutique Hotel\"},\"image\":{\"@id\":\"https:\/\/www.castanheiroboutiquehotel.com\/#\/schema\/logo\/image\/\"},\"sameAs\":[\"https:\/\/www.facebook.com\/castanheiroboutiquehotel\/\"]}]}<\/script>\n<!-- \/ Yoast SEO plugin. -->","yoast_head_json":{"title":"Contactos - Castanheiro Boutique Hotel","robots":{"index":"index","follow":"follow","max-snippet":"max-snippet:-1","max-image-preview":"max-image-preview:large","max-video-preview":"max-video-preview:-1"},"canonical":"https:\/\/www.castanheiroboutiquehotel.com\/contactos\/","og_locale":"pt_PT","og_type":"article","og_title":"Contactos - Castanheiro Boutique Hotel","og_description":"[vc_row full_height=&#8221;yes&#8221;][vc_column width=&#8221;1\/2&#8243; el_class=&#8221;contactos_col&#8221;][vc_row_inner][vc_column_inner][vc_empty_space height=&#8221;50px&#8221;][\/vc_column_inner][\/vc_row_inner][vc_row_inner][vc_column_inner][vc_empty_space height=&#8221;50px&#8221;][\/vc_column_inner][\/vc_row_inner][vc_row_inner][vc_column_inner][vc_empty_space height=&#8221;80px&#8221;][\/vc_column_inner][\/vc_row_inner][vc_row_inner][vc_column_inner width=&#8221;1\/2&#8243;][vc_column_text][\/vc_column_text][\/vc_column_inner][vc_column_inner width=&#8221;1\/2&#8243;][vc_column_text css=&#8221;&#8221;]Projeto Upskill Forma\u00e7\u00e3o Empresarial Projeto Adaptar RAM Canal de Den\u00fancia Complaint Book[\/vc_column_text][\/vc_column_inner][\/vc_row_inner][vc_row_inner][vc_column_inner width=&#8221;1\/2&#8243;][vc_column_text] [\/vc_column_text][\/vc_column_inner][vc_column_inner width=&#8221;1\/2&#8243;][vc_single_image image=&#8221;1284&#8243; [...] Read more","og_url":"https:\/\/www.castanheiroboutiquehotel.com\/contactos\/","og_site_name":"Castanheiro Boutique Hotel","article_publisher":"https:\/\/www.facebook.com\/castanheiroboutiquehotel\/","article_modified_time":"2025-09-04T12:44:20+00:00","og_image":[{"width":1600,"height":1067,"url":"https:\/\/www.castanheiroboutiquehotel.com\/wp-content\/uploads\/2016\/01\/castanheiro_recec\u0327a\u0303o.jpg","type":"image\/jpeg"}],"twitter_card":"summary_large_image","twitter_misc":{"Tempo estimado de leitura":"2 minutos"},"schema":{"@context":"https:\/\/schema.org","@graph":[{"@type":"WebPage","@id":"https:\/\/www.castanheiroboutiquehotel.com\/contactos\/","url":"https:\/\/www.castanheiroboutiquehotel.com\/contactos\/","name":"Contactos - Castanheiro Boutique Hotel","isPartOf":{"@id":"https:\/\/www.castanheiroboutiquehotel.com\/#website"},"primaryImageOfPage":{"@id":"https:\/\/www.castanheiroboutiquehotel.com\/contactos\/#primaryimage"},"image":{"@id":"https:\/\/www.castanheiroboutiquehotel.com\/contactos\/#primaryimage"},"thumbnailUrl":"https:\/\/www.castanheiroboutiquehotel.com\/wp-content\/uploads\/2016\/01\/castanheiro_recec\u0327a\u0303o.jpg","datePublished":"2016-01-21T18:26:26+00:00","dateModified":"2025-09-04T12:44:20+00:00","breadcrumb":{"@id":"https:\/\/www.castanheiroboutiquehotel.com\/contactos\/#breadcrumb"},"inLanguage":"pt-PT","potentialAction":[{"@type":"ReadAction","target":["https:\/\/www.castanheiroboutiquehotel.com\/contactos\/"]}]},{"@type":"ImageObject","inLanguage":"pt-PT","@id":"https:\/\/www.castanheiroboutiquehotel.com\/contactos\/#primaryimage","url":"https:\/\/www.castanheiroboutiquehotel.com\/wp-content\/uploads\/2016\/01\/castanheiro_recec\u0327a\u0303o.jpg","contentUrl":"https:\/\/www.castanheiroboutiquehotel.com\/wp-content\/uploads\/2016\/01\/castanheiro_recec\u0327a\u0303o.jpg","width":1600,"height":1067},{"@type":"BreadcrumbList","@id":"https:\/\/www.castanheiroboutiquehotel.com\/contactos\/#breadcrumb","itemListElement":[{"@type":"ListItem","position":1,"name":"Home","item":"https:\/\/www.castanheiroboutiquehotel.com\/"},{"@type":"ListItem","position":2,"name":"Contactos"}]},{"@type":"WebSite","@id":"https:\/\/www.castanheiroboutiquehotel.com\/#website","url":"https:\/\/www.castanheiroboutiquehotel.com\/","name":"Castanheiro Boutique Hotel","description":"Uma experi\u00eancia \u00fanica num local singular","publisher":{"@id":"https:\/\/www.castanheiroboutiquehotel.com\/#organization"},"potentialAction":[{"@type":"SearchAction","target":{"@type":"EntryPoint","urlTemplate":"https:\/\/www.castanheiroboutiquehotel.com\/?s={search_term_string}"},"query-input":{"@type":"PropertyValueSpecification","valueRequired":true,"valueName":"search_term_string"}}],"inLanguage":"pt-PT"},{"@type":"Organization","@id":"https:\/\/www.castanheiroboutiquehotel.com\/#organization","name":"Castanheiro Boutique Hotel","url":"https:\/\/www.castanheiroboutiquehotel.com\/","logo":{"@type":"ImageObject","inLanguage":"pt-PT","@id":"https:\/\/www.castanheiroboutiquehotel.com\/#\/schema\/logo\/image\/","url":"https:\/\/www.castanheiroboutiquehotel.com\/wp-content\/uploads\/2016\/02\/1_hotel_2.jpg","contentUrl":"https:\/\/www.castanheiroboutiquehotel.com\/wp-content\/uploads\/2016\/02\/1_hotel_2.jpg","width":667,"height":667,"caption":"Castanheiro Boutique Hotel"},"image":{"@id":"https:\/\/www.castanheiroboutiquehotel.com\/#\/schema\/logo\/image\/"},"sameAs":["https:\/\/www.facebook.com\/castanheiroboutiquehotel\/"]}]}},"_links":{"self":[{"href":"https:\/\/www.castanheiroboutiquehotel.com\/pt\/wp-json\/wp\/v2\/pages\/12","targetHints":{"allow":["GET"]}}],"collection":[{"href":"https:\/\/www.castanheiroboutiquehotel.com\/pt\/wp-json\/wp\/v2\/pages"}],"about":[{"href":"https:\/\/www.castanheiroboutiquehotel.com\/pt\/wp-json\/wp\/v2\/types\/page"}],"author":[{"embeddable":true,"href":"https:\/\/www.castanheiroboutiquehotel.com\/pt\/wp-json\/wp\/v2\/users\/1"}],"replies":[{"embeddable":true,"href":"https:\/\/www.castanheiroboutiquehotel.com\/pt\/wp-json\/wp\/v2\/comments?post=12"}],"version-history":[{"count":36,"href":"https:\/\/www.castanheiroboutiquehotel.com\/pt\/wp-json\/wp\/v2\/pages\/12\/revisions"}],"predecessor-version":[{"id":1602,"href":"https:\/\/www.castanheiroboutiquehotel.com\/pt\/wp-json\/wp\/v2\/pages\/12\/revisions\/1602"}],"wp:featuredmedia":[{"embeddable":true,"href":"https:\/\/www.castanheiroboutiquehotel.com\/pt\/wp-json\/wp\/v2\/media\/37"}],"wp:attachment":[{"href":"https:\/\/www.castanheiroboutiquehotel.com\/pt\/wp-json\/wp\/v2\/media?parent=12"}],"curies":[{"name":"wp","href":"https:\/\/api.w.org\/{rel}","templated":true}]}}